{"id":2140,"date":"2023-03-22T15:15:15","date_gmt":"2023-03-22T12:15:15","guid":{"rendered":"https:\/\/www.epa.lt\/?page_id=2140"},"modified":"2023-06-20T10:08:19","modified_gmt":"2023-06-20T07:08:19","slug":"2140-2","status":"publish","type":"page","link":"https:\/\/epa.lt\/en\/2140-2\/","title":{"rendered":"KONKURSO \u201eATSAKINGAS SKAITYTOJAS\u201c TAISYKL\u0116S"},"content":{"rendered":"<h1 class=\"pagrindinio\"><strong>KONKURSO \u201eATSAKINGAS SKAITYTOJAS\u201c TAISYKL\u0116S<\/strong><\/h1>\n<p>Konkurso organizatorius \u2013 Elektronikos platintoj\u0173 asociacija (EPA)<\/p>\n<ol>\n<li><strong>BENDROJI DALIS<\/strong>\n<ul>\n<li>\u201eAtsakingas skaitytojas\u201c \u2013 tai devintus metus vykstantis aplinkosauginis \u0161alies bibliotek\u0173 konkursas. Projektas skirtas \u0161viesti gyventojus apie tinkam\u0105 elektronikos ir baterij\u0173 atliek\u0173 r\u016b\u0161iavim\u0105.<\/li>\n<li>Konkurso organizatorius \u2013 ne pelno siekianti Elektronikos platintoj\u0173 asociacija (EPA), kurios vienas i\u0161 veiklos tiksl\u0173 \u2013 visuomen\u0117s \u0161vietimas apie elektronikos prietais\u0173 ir baterij\u0173, tapusi\u0173 atliekomis, saug\u0173 ir tinkam\u0105 r\u016b\u0161iavim\u0105.<\/li>\n<li>Konkurso partneriai \u2013 Lietuvos savivaldybi\u0173 vie\u0161\u0173j\u0173 bibliotek\u0173 asociacija ir Lietuvos bibliotek\u0173 draugija.<\/li>\n<li>Konkurse gali dalyvauti vie\u0161osios (centrin\u0117s) bibliotekos, vie\u0161\u0173j\u0173 bibliotek\u0173 miesto, vaik\u0173 ir kaimo filialai.<\/li>\n<\/ul>\n<\/li>\n<\/ol>\n<ol start=\"2\">\n<li><strong>REGISTRACIJA<\/strong>\n<ul>\n<li>Bibliotek\u0173 registracija vyksta <strong>nuo 202<\/strong><strong>3 baland\u017eio <\/strong><strong>1 d. iki baland\u017eio <\/strong><strong>30 d<\/strong>. el. pa\u0161tu <strong>socprojektai@epa.lt<\/strong>.<\/li>\n<li>Registracijai pateikiami duomenys: <strong>tikslus bibliotekos pavadinimas, miestas, adresas, pa\u0161to kodas, kontaktinis asmuo<\/strong> (vardas, pavard\u0117, tel. numeris bei el. pa\u0161to adresas), taip pat informacija, <strong>ar bus reikalinga speciali elektronikos atliek\u0173 surinkimo d\u0117\u017eut\u0117 <\/strong>(jei neturima d\u0117\u017eut\u0117s i\u0161 pra\u0117jusiais metais vykusio konkurso).<\/li>\n<li>U\u017esiregistravusioms bibliotekoms bus pristatytas projekto \u012fgyvendinimui reikalingos priemon\u0117s:\n<ul>\n<li>Speciali elektronikos atliek\u0173 surinkimo d\u0117\u017eut\u0117 (jei jos neturima).<\/li>\n<li>Apie akcij\u0105 informuojantis plakatas, kur\u012f rekomenduojama pateikti projekte dalyvaujan\u010dios bibliotekos patalpose lankytojams gerai matomoje vietoje.<\/li>\n<li>Stambi\u0173j\u0173 elektronin\u0117s technikos atliek\u0173 i\u0161ve\u017eimo i\u0161 gyventoj\u0173 nam\u0173 registracijos forma.<\/li>\n<\/ul>\n<\/li>\n<\/ul>\n<\/li>\n<\/ol>\n<ol start=\"3\">\n<li><strong>PROJEKTO EIGA<\/strong>\n<ul>\n<li>Projekto trukm\u0117: <strong>nuo 202<\/strong><strong>3 baland\u017eio m\u0117n. prad\u017eios iki 2023 m. gruod\u017eio m\u0117n. pabaigos.<\/strong><\/li>\n<li>Projekto metu bibliotek\u0173 lankytojai bus raginami r\u016b\u0161iuoti ir i\u0161 nam\u0173 atne\u0161ti senas baterijas bei kitus smulkius neveikian\u010dius ar nenaudojamus elektronikos prietaisus (pvz., plauk\u0173 d\u017eiovintuvus, elektrinius virdulius, elektronini\u0173 detali\u0173 turin\u010dius \u017eaislus ir pan.). Baterijos turi b\u016bti metamos \u012f speciali\u0105 EPA elektronikos atliek\u0173 surinkimo d\u0117\u017eut\u0119, ant kurios pa\u017eym\u0117tos r\u016b\u0161iavimui skirtos ertm\u0117s. Kita smulkioji technika dedama \u012f mai\u0161us, kurie tur\u0117t\u0173 b\u016bti laikomi saugioje, lankytojams nepasiekiamoje vietoje. Baterijomis u\u017epildytas d\u0117\u017eutes taip pat der\u0117t\u0173 i\u0161valyti jas sudedant \u012f atskirus mai\u0161us, kol jas i\u0161ve\u017eti atvyks EPA surink\u0117jai.<\/li>\n<li>Projekto metu bibliotek\u0173 lankytojai bibliotekose gal\u0117s u\u017epildyti nemokamo stambiosios elektronikos (pvz., skalbykl\u0117s, \u0161aldytuvai, gartraukiai, \u0161ildymo prietaisai ir pan.) atliek\u0173 i\u0161ve\u017eimo i\u0161 nam\u0173 form\u0105. EPA surink\u0117jai atvyk\u0119 surinkti smulkiosios elektronikos atliek\u0173 \u012f bibliotek\u0105 t\u0105 dien\u0105 i\u0161ve\u0161 ir u\u017eregistruotus stambiosios elektronikos prietaisus i\u0161 gyventoj\u0173 nam\u0173. U\u017epildyt\u0173 form\u0173 lauksime likus trims savait\u0117ms iki kiekvieno etapo pabaigos (arba etapo eigoje, jeigu s\u0105ra\u0161\u0105 sudaro daugiau kaip penki u\u017esiregistrav\u0119 gyventojai.<\/li>\n<\/ul>\n<\/li>\n<\/ol>\n<ol start=\"4\">\n<li><strong>ELEKTRONIKOS ATLIEK\u0172 SURINKIMAS IR VERTINIMAS<\/strong>\n<ul>\n<li>Bibliotekose surinktos smulkiosios elektronikos technikos atliekos bus i\u0161ve\u017eamos susiderinus laik\u0105 su EPA surink\u0117jais.<\/li>\n<li>T\u0105 pa\u010di\u0105 dien\u0105 bus surenkama ir bibliotekoje u\u017esiregistravusi\u0173 gyventoj\u0173 namuose laikomos stambiosios elektronikos atliekos.<\/li>\n<li>Bibliotekos, kurios dalyvauja projekte ir atlieka ilgalaikio turto nura\u0161ym\u0105, j\u0173 atiduotos elektronikos ir baterij\u0173 atliekos nura\u0161ymo metu yra skai\u010diuojamos prie bendrai atiduoto kiekio.<\/li>\n<li>Bibliotek\u0173 rezultatai bus skai\u010diuojami ir prizai teikiami pasibaigus etapui (5.1 punkte numatytais laikotarpiais) pagal faktin\u012f elektronikos ir baterij\u0173 atliek\u0173 surinkim\u0105. Bendr\u0105 faktin\u012f surinkt\u0173 atliek\u0173 kiek\u012f sudarys tiek smulkiosios elektronikos ir baterij\u0173 atliekos, kurios buvo surinktos bibliotekoje, tiek i\u0161 gyventoj\u0173 nam\u0173 surinktos stambiosios elektronikos atliekos, kuri\u0173 registracija buvo pateikta bibliotekoje esan\u010dioje formoje.<\/li>\n<li>Surinktos atliekos sveriamos ir surinkimo rezultatai nurodomi kilogramais.<\/li>\n<li>Pasibaigus projektui, speciali atliek\u0173 surinkimo d\u0117\u017eut\u0117 bus palikta bibliotekose \u2013 tolesniam elektronikos ir baterij\u0173 atliek\u0173 surinkimui.<\/li>\n<\/ul>\n<\/li>\n<\/ol>\n<ol start=\"5\">\n<li><strong>PRIZAI<\/strong>\n<ul>\n<li>Projekto organizatoriaus \u012fsteigtais prizais bus apdovanotos \u0161e\u0161iolika daugiausia elektronin\u0117s technikos ir baterij\u0173 atliek\u0173 surinkusios bibliotekos. Laim\u0117tojai bus renkami pasibaigus etapui:\n<ul>\n<li>2023 m. rugpj\u016b\u010dio m\u0117nes\u012f \u2013 u\u017e 2023 m. baland\u017eio, gegu\u017e\u0117s, bir\u017eelio, liepos m\u0117nesiais surinktas elektronikos ir baterij\u0173 atliekas.<\/li>\n<li>2024 sausio m\u0117nes\u012f \u2013 u\u017e 2023 m. rugpj\u016b\u010dio, rugs\u0117jo, spalio, lapkri\u010dio, gruod\u017eio m\u0117nesiais surinktas elektronikos ir baterij\u0173 atliekas.<\/li>\n<\/ul>\n<\/li>\n<li>Kiekvieno etapo pabaigoje dviem daugiausiai elektronikos ir baterij\u0173 atliek\u0173 surinkusioms bibliotekoms bus dovanojamas po <strong>500 Eur <\/strong>vert\u0117s knyg\u0173 krep\u0161elis. Norim\u0173 knyg\u0173 s\u0105ra\u0161\u0105 pateikia biblioteka.<\/li>\n<li>Nesant galimybei gauti konkre\u010di\u0173 pasirinkt\u0173 knyg\u0173, laim\u0117jusios bibliotekos tur\u0117s galimyb\u0119 pasirinkti kitas knygas arba daugiau jau pasirinkt\u0173 ir esan\u010di\u0173 knyg\u0173 egzempliori\u0173.<\/li>\n<li>Viso projekto metu papildomai 12 bibliotek\u0173 bus apdovanotos skatinamaisiais dovan\u0173 \u010dekiais. Pasibaigus kiekvienam etapui (1.; 5.1.2. punktuose numatytais laikotarpiais) \u0161e\u0161i\u0173 bibliotek\u0173, surinkusi\u0173 daugiausiai elektronikos ir baterij\u0173 atliek\u0173 (5.2 punkte \u012fvardintos bibliotekos laim\u0117tojos nepretenduoja \u012f \u0161iuos prizus), EPA apdovanos \u201e Maxima\u201c dovan\u0173 \u010dekiais. 1-ajai vietai bus skiriamas <strong>300 Eur<\/strong>, 2-ajai \u2013 <strong>150 Eur<\/strong> , 3-iajai \u2013 <strong>100 Eur, <\/strong>o 4-ajai, 5-ajai ir 6-ajai vietoms \u2013<strong> po 50 Eur<\/strong> vert\u0117s \u010dekiai, pastaruosius prizus perduodant projekto kontaktiniams asmenims.<\/li>\n<li>Laim\u0117tojai bus skelbiami tinklalapyje <a href=\"https:\/\/www.epa.lt\">epa.lt<\/a>, EPA paskyroje \u201eFacebook\u201c socialiniame tinkle bei informuoti asmeniniu skambu\u010diu bei elektroniniu lai\u0161ku.<\/li>\n<\/ul>\n<\/li>\n<\/ol>\n<ol start=\"6\">\n<li><strong>PROJEKTO ORGANIZATORIAUS PAREIGOS<\/strong>\n<ul>\n<li>Suderinti su bibliotek\u0173 atstovais atliek\u0173 surinkimo d\u0117\u017ei\u0173 ir plakato perdavim\u0105.<\/li>\n<li>I\u0161 anksto suderintu laiku i\u0161ve\u017eamos surinktos elektronikos atliekos i\u0161 bibliotek\u0173 (nebent su projekto dalyviu susitariama kitaip).<\/li>\n<\/ul>\n<\/li>\n<\/ol>\n<ol start=\"7\">\n<li><strong>PROJEKTO DALYVI\u0172 PAREIGOS<\/strong>\n<ul>\n<li>Pri\u017ei\u016br\u0117ti tinkam\u0105 elektronin\u0117s technikos ir baterij\u0173 atliek\u0173 surinkim\u0105.<\/li>\n<li>U\u017etikrinti, jog vis\u0173 \u0161ali\u0173 dalyvavimas projekte yra savanori\u0161kas ir laisvas.<\/li>\n<li>Tinkamai saugoti dalyvavimui projekte suteikt\u0105 inventori\u0173.<\/li>\n<li>U\u017etikrinti, kad stambi\u0173j\u0173 elektronikos atliek\u0173 i\u0161 nam\u0173 i\u0161ve\u017eim\u0105 u\u017esakan\u010di\u0173 gyventoj\u0173 registracijos forma b\u016bt\u0173 pildoma ai\u0161kiai ir tvarkingai.<\/li>\n<li>Sudaryti s\u0105lygas gerai matomose bibliotekos vietose pastatyti atliek\u0173 surinkimo d\u0117\u017ees bei pakabinti informacin\u012f projekto plakat\u0105.<\/li>\n<li>Laim\u0117jus knygas sudaryti norim\u0173 knyg\u0173 s\u0105ra\u0161\u0105 u\u017e nurodyt\u0105 sum\u0105.<\/li>\n<\/ul>\n<\/li>\n<\/ol>\n","protected":false},"excerpt":{"rendered":"<p>KONKURSO \u201eATSAKINGAS SKAITYTOJAS\u201c TAISYKL\u0116S Konkurso organizatorius \u2013 Elektronikos platintoj\u0173 asociacija (EPA) BENDROJI DALIS \u201eAtsakingas skaitytojas\u201c \u2013 tai devintus metus vykstantis aplinkosauginis \u0161alies bibliotek\u0173 konkursas. Projektas skirtas \u0161viesti gyventojus apie tinkam\u0105 elektronikos ir baterij\u0173 atliek\u0173 r\u016b\u0161iavim\u0105. Konkurso organizatorius \u2013 ne pelno siekianti Elektronikos platintoj\u0173 asociacija (EPA), kurios vienas i\u0161 veiklos tiksl\u0173 \u2013 visuomen\u0117s \u0161vietimas apie elektronikos [&hellip;]<\/p>\n","protected":false},"author":2,"featured_media":0,"parent":0,"menu_order":0,"comment_status":"closed","ping_status":"closed","template":"","meta":{"_acf_changed":false,"sfsi_plus_gutenberg_text_before_share":"","sfsi_plus_gutenberg_show_text_before_share":"","sfsi_plus_gutenberg_icon_type":"","sfsi_plus_gutenberg_icon_alignemt":"","sfsi_plus_gutenburg_max_per_row":"","footnotes":""},"class_list":["post-2140","page","type-page","status-publish","hentry"],"translation":{"provider":"WPGlobus","version":"3.0.0","language":"en","enabled_languages":["lt","en"],"languages":{"lt":{"title":true,"content":true,"excerpt":false},"en":{"title":true,"content":true,"excerpt":false}}},"acf":[],"yoast_head":"<!-- This site is optimized with the Yoast SEO Premium plugin v25.6 (Yoast SEO v25.6) - https:\/\/yoast.com\/wordpress\/plugins\/seo\/ -->\n<title>KONKURSO \u201eATSAKINGAS SKAITYTOJAS\u201c TAISYKL\u0116S - EPA (Distributors of electronics association)<\/title>\n<meta name=\"robots\" content=\"index, follow, max-snippet:-1, max-image-preview:large, max-video-preview:-1\" \/>\n<link rel=\"canonical\" href=\"https:\/\/www.epa.lt\/2140-2\/\" \/>\n<meta property=\"og:locale\" content=\"en_US\" \/>\n<meta property=\"og:type\" content=\"article\" \/>\n<meta property=\"og:title\" content=\"KONKURSO \u201eATSAKINGAS SKAITYTOJAS\u201c TAISYKL\u0116S - EPA (Distributors of electronics association)\" \/>\n<meta property=\"og:url\" content=\"https:\/\/www.epa.lt\/2140-2\/\" \/>\n<meta property=\"og:site_name\" content=\"EPA (Distributors of electronics association)\" \/>\n<meta property=\"article:publisher\" content=\"https:\/\/www.facebook.com\/asociacija.epa\" \/>\n<meta property=\"article:modified_time\" content=\"2023-06-20T07:08:19+00:00\" \/>\n<meta name=\"twitter:card\" content=\"summary_large_image\" \/>\n<meta name=\"twitter:label1\" content=\"Est. reading time\" \/>\n\t<meta name=\"twitter:data1\" content=\"9 minutes\" \/>\n<script type=\"application\/ld+json\" class=\"yoast-schema-graph\">{\"@context\":\"https:\/\/schema.org\",\"@graph\":[{\"@type\":\"WebPage\",\"@id\":\"https:\/\/www.epa.lt\/2140-2\/\",\"url\":\"https:\/\/www.epa.lt\/2140-2\/\",\"name\":\"KONKURSO \u201eATSAKINGAS SKAITYTOJAS\u201c TAISYKL\u0116S - EPA (Distributors of electronics association)\",\"isPartOf\":{\"@id\":\"https:\/\/epa.lt\/#website\"},\"datePublished\":\"2023-03-22T12:15:15+00:00\",\"dateModified\":\"2023-06-20T07:08:19+00:00\",\"breadcrumb\":{\"@id\":\"https:\/\/www.epa.lt\/2140-2\/#breadcrumb\"},\"inLanguage\":\"en-US\",\"potentialAction\":[{\"@type\":\"ReadAction\",\"target\":[\"https:\/\/www.epa.lt\/2140-2\/\"]}]},{\"@type\":\"BreadcrumbList\",\"@id\":\"https:\/\/www.epa.lt\/2140-2\/#breadcrumb\",\"itemListElement\":[{\"@type\":\"ListItem\",\"position\":1,\"name\":\"Home\",\"item\":\"https:\/\/epa.lt\/\"},{\"@type\":\"ListItem\",\"position\":2,\"name\":\"KONKURSO \u201eATSAKINGAS SKAITYTOJAS\u201c TAISYKL\u0116S\"}]},{\"@type\":\"WebSite\",\"@id\":\"https:\/\/epa.lt\/#website\",\"url\":\"https:\/\/epa.lt\/\",\"name\":\"{:lt}EPA (Elektronikos platintoj\u0173 asociacija){:}{:en}EPA (Distributors of electronics association) {:}\",\"description\":\"Electronic waste management\",\"publisher\":{\"@id\":\"https:\/\/epa.lt\/#organization\"},\"potentialAction\":[{\"@type\":\"SearchAction\",\"target\":{\"@type\":\"EntryPoint\",\"urlTemplate\":\"https:\/\/epa.lt\/?s={search_term_string}\"},\"query-input\":{\"@type\":\"PropertyValueSpecification\",\"valueRequired\":true,\"valueName\":\"search_term_string\"}}],\"inLanguage\":\"en-US\"},{\"@type\":\"Organization\",\"@id\":\"https:\/\/epa.lt\/#organization\",\"name\":\"{:lt}EPA (Elektronikos platintoj\u0173 asociacija){:}{:en}EPA (Distributors of electronics association) {:}\",\"url\":\"https:\/\/epa.lt\/\",\"logo\":{\"@type\":\"ImageObject\",\"inLanguage\":\"en-US\",\"@id\":\"https:\/\/epa.lt\/#\/schema\/logo\/image\/\",\"url\":\"https:\/\/www.epa.lt\/wp-content\/uploads\/2018\/04\/EPA_logo_RGB_t_vidus.png\",\"contentUrl\":\"https:\/\/www.epa.lt\/wp-content\/uploads\/2018\/04\/EPA_logo_RGB_t_vidus.png\",\"width\":945,\"height\":945,\"caption\":\"{:lt}EPA (Elektronikos platintoj\u0173 asociacija){:}{:en}EPA (Distributors of electronics association) {:}\"},\"image\":{\"@id\":\"https:\/\/epa.lt\/#\/schema\/logo\/image\/\"},\"sameAs\":[\"https:\/\/www.facebook.com\/asociacija.epa\"]}]}<\/script>\n<!-- \/ Yoast SEO Premium plugin. -->","yoast_head_json":{"title":"KONKURSO \u201eATSAKINGAS SKAITYTOJAS\u201c TAISYKL\u0116S - EPA (Distributors of electronics association)","robots":{"index":"index","follow":"follow","max-snippet":"max-snippet:-1","max-image-preview":"max-image-preview:large","max-video-preview":"max-video-preview:-1"},"canonical":"https:\/\/www.epa.lt\/2140-2\/","og_locale":"en_US","og_type":"article","og_title":"KONKURSO \u201eATSAKINGAS SKAITYTOJAS\u201c TAISYKL\u0116S - EPA (Distributors of electronics association)","og_url":"https:\/\/www.epa.lt\/2140-2\/","og_site_name":"EPA (Distributors of electronics association)","article_publisher":"https:\/\/www.facebook.com\/asociacija.epa","article_modified_time":"2023-06-20T07:08:19+00:00","twitter_card":"summary_large_image","twitter_misc":{"Est. reading time":"9 minutes"},"schema":{"@context":"https:\/\/schema.org","@graph":[{"@type":"WebPage","@id":"https:\/\/www.epa.lt\/2140-2\/","url":"https:\/\/www.epa.lt\/2140-2\/","name":"KONKURSO \u201eATSAKINGAS SKAITYTOJAS\u201c TAISYKL\u0116S - EPA (Distributors of electronics association)","isPartOf":{"@id":"https:\/\/epa.lt\/#website"},"datePublished":"2023-03-22T12:15:15+00:00","dateModified":"2023-06-20T07:08:19+00:00","breadcrumb":{"@id":"https:\/\/www.epa.lt\/2140-2\/#breadcrumb"},"inLanguage":"en-US","potentialAction":[{"@type":"ReadAction","target":["https:\/\/www.epa.lt\/2140-2\/"]}]},{"@type":"BreadcrumbList","@id":"https:\/\/www.epa.lt\/2140-2\/#breadcrumb","itemListElement":[{"@type":"ListItem","position":1,"name":"Home","item":"https:\/\/epa.lt\/"},{"@type":"ListItem","position":2,"name":"KONKURSO \u201eATSAKINGAS SKAITYTOJAS\u201c TAISYKL\u0116S"}]},{"@type":"WebSite","@id":"https:\/\/epa.lt\/#website","url":"https:\/\/epa.lt\/","name":"{:lt}EPA (Elektronikos platintoj\u0173 asociacija){:}{:en}EPA (Distributors of electronics association) {:}","description":"Electronic waste management","publisher":{"@id":"https:\/\/epa.lt\/#organization"},"potentialAction":[{"@type":"SearchAction","target":{"@type":"EntryPoint","urlTemplate":"https:\/\/epa.lt\/?s={search_term_string}"},"query-input":{"@type":"PropertyValueSpecification","valueRequired":true,"valueName":"search_term_string"}}],"inLanguage":"en-US"},{"@type":"Organization","@id":"https:\/\/epa.lt\/#organization","name":"{:lt}EPA (Elektronikos platintoj\u0173 asociacija){:}{:en}EPA (Distributors of electronics association) {:}","url":"https:\/\/epa.lt\/","logo":{"@type":"ImageObject","inLanguage":"en-US","@id":"https:\/\/epa.lt\/#\/schema\/logo\/image\/","url":"https:\/\/www.epa.lt\/wp-content\/uploads\/2018\/04\/EPA_logo_RGB_t_vidus.png","contentUrl":"https:\/\/www.epa.lt\/wp-content\/uploads\/2018\/04\/EPA_logo_RGB_t_vidus.png","width":945,"height":945,"caption":"{:lt}EPA (Elektronikos platintoj\u0173 asociacija){:}{:en}EPA (Distributors of electronics association) {:}"},"image":{"@id":"https:\/\/epa.lt\/#\/schema\/logo\/image\/"},"sameAs":["https:\/\/www.facebook.com\/asociacija.epa"]}]}},"_links":{"self":[{"href":"https:\/\/epa.lt\/en\/wp-json\/wp\/v2\/pages\/2140","targetHints":{"allow":["GET"]}}],"collection":[{"href":"https:\/\/epa.lt\/en\/wp-json\/wp\/v2\/pages"}],"about":[{"href":"https:\/\/epa.lt\/en\/wp-json\/wp\/v2\/types\/page"}],"author":[{"embeddable":true,"href":"https:\/\/epa.lt\/en\/wp-json\/wp\/v2\/users\/2"}],"replies":[{"embeddable":true,"href":"https:\/\/epa.lt\/en\/wp-json\/wp\/v2\/comments?post=2140"}],"version-history":[{"count":5,"href":"https:\/\/epa.lt\/en\/wp-json\/wp\/v2\/pages\/2140\/revisions"}],"predecessor-version":[{"id":2318,"href":"https:\/\/epa.lt\/en\/wp-json\/wp\/v2\/pages\/2140\/revisions\/2318"}],"wp:attachment":[{"href":"https:\/\/epa.lt\/en\/wp-json\/wp\/v2\/media?parent=2140"}],"curies":[{"name":"wp","href":"https:\/\/api.w.org\/{rel}","templated":true}]}}