{"id":2341,"date":"2023-06-20T10:26:17","date_gmt":"2023-06-20T07:26:17","guid":{"rendered":"https:\/\/www.epa.lt\/?page_id=2341"},"modified":"2025-02-08T11:49:08","modified_gmt":"2025-02-08T08:49:08","slug":"kur-deti-sena-televizoriu","status":"publish","type":"page","link":"https:\/\/epa.lt\/en\/duk\/kur-deti-sena-televizoriu\/","title":{"rendered":"Kur d\u0117ti sen\u0105 televizori\u0173?"},"content":{"rendered":"<p>Kiekvien\u0105 m\u016bs\u0173 supa daiktai, kurie duoda kokios nors naudos ar suteikia gro\u017eio, jaukumo. Vienas toki\u0173 daikt\u0173 \u2013 televizorius. Tai \u2013 ypatingas daiktas, kuriuo mus pasiekia informacija, kult\u016bros faktai bei rei\u0161kiniai, meno objektai. Tobul\u0117jant technologijoms, \u012fgyjame kokybi\u0161kesn\u0117s transliacijos galimyb\u0119, galime naudotis daugiau nauding\u0173 funkcij\u0173. Tad visi\u0161kai nat\u016bralu, kad tai n\u0117ra daiktas, kuris perduodamas i\u0161 kartos \u012f kart\u0105. Vien\u0105 dien\u0105 tariame sau: reikia naujo. Galb\u016bt senasis \u0117m\u0117 gesti, suprast\u0117jo kokyb\u0117, gal nutar\u0117me, kad j\u012f remontuoti per brangu. Bet k\u0105 gi daryti su senuoju, kuris u\u017eima nema\u017eai vietos?<\/p>\n<p><strong>Rinkim\u0117s naud\u0105, o ne b\u0117d\u0105<\/strong><\/p>\n<p>Pirmiausia, atsisveikinti su senu televizoriumi gali b\u016bti naudinga ne tik jums, bet ir kuriam nors kitam asmeniui ir aplinkai. Juk vis dar veikiantis televizorius gali atrodyti \u201esenas\u201c tik mums, bet ne kitiems, kurie tokio daikto neturi ar j\u0173 tur\u0117tas televizorius nepataisomai sugedo.<\/p>\n<p>Ties\u0105 sakant, neatsakinga kaupti senus daiktus, kuriais galima dalintis, parduoti, dovanoti arba i\u0161mesti, pasinaudojus elektronikos atliekoms skirtu tinklu. Senas televizorius gali tapti naudojamu daiktu kitam \u017emogui, \u017ealiav\u0173 \u0161altiniu perdirbant, o \u0161tai laikant netinkamomis s\u0105lygomis, netinkamai tvarkant jis gali tapti aplinkai ir \u017emogaus sveikatai kenksmingais ter\u0161alais.<\/p>\n<p><strong>\u0160tai keletas atsakym\u0173 \u012f klausim\u0105, kur d\u0117ti sen\u0105 televizori\u0173:<\/strong><\/p>\n<ol>\n<li><strong>Parduokite sen\u0105 televizori\u0173 naudodamiesi skelbim\u0173 portalais.<\/strong> Nor\u0117dami pasi\u016blyti sen\u0105 televizori\u0173 kitam \u017emogui, j\u016bs galite panaudoti populiarius skelbim\u0173 portalus. Taip pat galite patalpinti skelbim\u0105 socialini\u0173 tinkl\u0173 grup\u0117se, kuriose \u017emon\u0117s dovanoja nereikalingus daiktus, maino juos \u012f kitus daiktus ar ie\u0161ko \u012fsigyti naudot\u0173 elektronikos prietais\u0173.<\/li>\n<li><strong>Pasi\u016blykite sen\u0105 televizori\u0173 \u0161eimos nariams, draugams bi\u010diuliams<\/strong>. Kartais senas televizorius gali b\u016bti puikus dovanos variantas. Pasidalykite \u0161ia mintimi su artimaisiais, draugais ar kolegomis, kurie gali nor\u0117ti tur\u0117ti papildom\u0105 televizori\u0173 namuose ar savo biure. Tai puikus b\u016bdas ne tik atsikratyti seno prietaiso, bet ir parodyti d\u0117mes\u012f draugams ar \u0161eimos nariams, pajusti tarpusavio ry\u0161\u012f bei j\u0173 d\u0117kingum\u0105.<\/li>\n<li><strong>Pasi\u016blykite sen\u0105 televizori\u0173 labdaros ar socialines paslaugas teikian\u010diai organizacijai<\/strong>. Toks prietaisas gali tikrai prad\u017eiuginti seneli\u0173 globos \u012fstaig\u0105, slaugos ligonin\u0119, vaik\u0173 dienos centr\u0105 ir pana\u0161ias \u012fstaigas.<\/li>\n<li><strong>\u012evertinkite taisymo galimyb\u0119<\/strong>. Turb\u016bt gird\u0117jote pasakym\u0105: \u201eSenas \u2013 dar ne mir\u0119s\u201c. Tariamas televizoriaus senumas n\u0117ra vienareik\u0161mi\u0161ka s\u0105voka. Kai kam atrodys, kad ir 3 met\u0173 am\u017eiaus prietaisas yra pasen\u0119s, jeigu jis neu\u017etikrins labai reikalingo funkcionalumo. Dar kitam ir 5 met\u0173 am\u017eiaus televizorius neatrodys senas, tik jam sugedus galb\u016bt i\u0161kils klausimas: taisyti ar i\u0161mesti? Palaikydama atsakingo vartojimo princip\u0105 bei elgsen\u0105, Elektronikos platintoj\u0173 asociacija (EPA) si\u016blo vadovautis principu: taisyti apsimoka, jei remontas nevir\u0161ija 50 proc. naujo pana\u0161aus daikto vert\u0117s. Taisydami elektronik\u0105 ma\u017einame elektronikos atliek\u0173 kiekius, padedame taupyti \u017ealiav\u0173 ir energijos i\u0161teklius, tausojame gamt\u0105, stabdome klimato kait\u0105!<\/li>\n<li><strong>I\u0161ve\u017ekite sen\u0105 televizori\u0173 \u012f atliek\u0173 surinkimo aik\u0161tel\u0119.<\/strong> Vienos toki\u0173 yra stambiagabari\u010di\u0173 atliek\u0173 surinkimo aik\u0161tel\u0117s savivaldybi\u0173 teritorijose. Taip pat tinka ir specialieji elektronikos atliek\u0173 tvarkytoj\u0173 konteineriai \u0161alia prekybos centr\u0173. Jie skirti tokioms stambiagabarit\u0117s elektronikos atliekoms, kaip televizoriai, \u0161aldytuvai, skalbykl\u0117s, elektrin\u0117s virykl\u0117s, gartraukiai ir pan. I\u0161kilus klausimui, <strong>kur priduoti sen\u0105 televizori\u0173 Vilniuje<\/strong>, Kaune, Klaip\u0117doje, \u0160iauliuose, Ukmerg\u0117je, Ma\u017eeikiuose ar kitoje savivaldyb\u0117je, ie\u0161kokite elektronikos atliek\u0173 surinkimo s\u0105ra\u0161o interneto svetain\u0117je <a href=\"https:\/\/www.epa.lt\">epa.lt<\/a>.<\/li>\n<li><strong>U\u017esisakykite nemokamo elektronikos atliek\u0173 i\u0161ve\u017eimo i\u0161 nam\u0173 paslaug\u0105.<\/strong> Tai galite padaryti nei\u0161\u0117j\u0119 i\u0161 nam\u0173 \u2013 u\u017epild\u0119 anket\u0105 <a href=\"https:\/\/epa.lt\/nemokamas-buitines-technikos-isvezimas\/\">epa.lt<\/a> svetain\u0117je arba paskambin\u0119 telefonu +370 695 55111. EPA komanda i\u0161ne\u0161 i\u0161 j\u016bs\u0173 nam\u0173 ir i\u0161ve\u0161 sen\u0105 televizori\u0173 nemokamai bei perduos j\u0105 \u012f \u012fgaliot\u0173 perdirb\u0117j\u0173 rankas. Perdirbimo metu i\u0161gautos naudingos \u017ealiavos bus panaudotos nauj\u0173 prietais\u0173 gamybai!<\/li>\n<li><strong>Atiduokite sen\u0105 televizori\u0173 gamintojui.<\/strong> Kai kurie elektronikos gamintojai ir prekybos tinklai turi specialias programas, skirtas priimti senus prietaisus. Prie\u0161 perkant nauj\u0105 televizori\u0173, galite pasikonsultuoti su pardav\u0117jais arba patikrinti gamintojo internetin\u0119 svetain\u0119, ar jie turi tokias paslaugas. Prie\u0161 atiduodami televizori\u0173, pasikonsultuokite su prekybos centro darbuotojais d\u0117l pri\u0117mimo s\u0105lyg\u0173 ir proced\u016br\u0173.<\/li>\n<li><strong>Jokiu b\u016bdu neatiduokite seno televizoriaus nelegaliems atliek\u0173 tvarkytojams.<\/strong> Atliek\u0173 tvarkymas yra valstyb\u0117s \u012fstatymais reguliuojama veikla. Tokia \u012fstatymais nustatyta tvarka siekiama, kad elektronikos atliekos b\u016bt\u0173 \u0161alinamos saugiai ir atsakingai. Jos yra perduodamos \u012fgaliotiems perdirb\u0117jams, kurie i\u0161 \u0161i\u0173 atliek\u0173 i\u0161gauna naudingas med\u017eiagas, o \u0161ios keliauja pas gamintojus ir virsta naujais gaminiais. Netinkamos perdirbti atliekos saugiai utilizuojamos, i\u0161 j\u0173 i\u0161gaunant \u0161ilumos energij\u0105. Jei atiduosime televizori\u0173 \u0161ios veiklos licencijos neturintiems asmenims, jie grei\u010diausiai nesaugiu b\u016bdu i\u0161ardys televizori\u0173, pasiims vertingiausias jo dalis, o visa kita pateks \u012f s\u0105vartyn\u0105. Tai gali tur\u0117ti neigiam\u0173 pasekmi\u0173 dirvo\u017eemiui, vandeniui ar orui, o per juos \u2013 augalijai, gyv\u016bnijai, \u017emon\u0117ms.<\/li>\n<li><strong>Nelaikykite seno televizoriaus sand\u0117liuke, r\u016bsyje ar kitose negyvenamose patalpose. <\/strong>Tokios patalpos da\u017eniausiai ne\u0161ildomos arba jose nepalaikoma stabili temperat\u016bra ar ten yra nuolat dr\u0117gna, tad ne\u012fmanoma u\u017etikrinti elektronikos \u012frangos, o ypa\u010d televizori\u0173 saugum\u0105. D\u0117l neigiamo aplinkos poveikio televizoriuje gali prasid\u0117ti \u012fvairios chemin\u0117s reakcijos ir \u012f aplink\u0105 i\u0161siskirti toksin\u0117s med\u017eiagos. Kai kuriais atvejais tai gali sukelti gaisr\u0105.<\/li>\n<li><strong>Naudokite arba atsisveikinkite.<\/strong> Bet kuriuo atveju naudingiausia televizori\u0173 arba naudoti, arba perdirbti. Tik naudodami galime suprasti, ar televizorius veikia, ar nesuged\u0119s. Jeigu laikote nenaudojam\u0105, kelkite klausim\u0105, kaip geriau su juo atsisveikinti: padovanoti, parduoti ar perduoti \u012fgaliotiems atliek\u0173 tvarkytojams. Jei nenaudojamas daiktas ilgai laikomas namuose, jo galimyb\u0117s b\u016bti naudingam pagal jo turimas funkcijas ma\u017e\u0117ja. V\u0117luodamas patekti pas perdirb\u0117jus, jis irgi tik u\u017eima viet\u0105, o galb\u016bt netgi skleid\u017eia \u012f aplink\u0105 toksines med\u017eiagas.<\/li>\n<\/ol>\n<p>Svarbu suprasti, kad seni elektronikos prietaisai, \u012fskaitant televizorius, gali b\u016bti pavojingi aplinkai ir sveikatai, jeigu jie yra \u0161alinami netinkamai arba laikomi netinkamomis s\u0105lygomis. Elektronikos atliekos gali tur\u0117ti kenksming\u0173 med\u017eiag\u0173, toki\u0173 kaip \u0161vinas, kadmis, gyvsidabris ir kt. J\u0173 junginiai, patek\u0119 \u012f \u017emogaus organizm\u0105, gali sukelti itin pavojing\u0173 lig\u0173, \u012fskaitant onkologinius susirgimus. D\u0117l \u0161ios prie\u017easties svarbu vadovautis tvarios ir atsakingos elgsenos principais, kai tvarkote senus elektronikos prietaisus.<\/p>\n<p><strong>Kur d\u0117ti sen\u0105 televizori\u0173?<\/strong><\/p>\n<p>Kiekvien\u0105 m\u016bs\u0173 supa daiktai, kurie duoda kokios nors naudos ar suteikia gro\u017eio, jaukumo. Vienas toki\u0173 daikt\u0173 \u2013 televizorius. isuomenei labai svarbu suvokti elektronikos atliek\u0173 valdymo svarb\u0105 ir bendradarbiauti siekiant sukurti darni\u0105 ir aplinkai draugi\u0161k\u0105 visuomen\u0119 bei puosel\u0117jant tvari\u0105 ekosistem\u0105. Prisid\u0117dami prie atsakingo sen\u0173 elektronikos prietais\u0173 tvarkymo, mes galime suma\u017einti \u0161i\u0173 prietais\u0173 \u012ftak\u0105 aplinkai ir pad\u0117ti skatinti tvarum\u0105.<\/p>\n","protected":false},"excerpt":{"rendered":"<p>Kiekvien\u0105 m\u016bs\u0173 supa daiktai, kurie duoda kokios nors naudos ar suteikia gro\u017eio, jaukumo. Vienas toki\u0173 daikt\u0173 \u2013 televizorius. Tai \u2013 ypatingas daiktas, kuriuo mus pasiekia informacija, kult\u016bros faktai bei rei\u0161kiniai, meno objektai. Tobul\u0117jant technologijoms, \u012fgyjame kokybi\u0161kesn\u0117s transliacijos galimyb\u0119, galime naudotis daugiau nauding\u0173 funkcij\u0173. Tad visi\u0161kai nat\u016bralu, kad tai n\u0117ra daiktas, kuris perduodamas i\u0161 kartos \u012f [&hellip;]<\/p>\n","protected":false},"author":2,"featured_media":0,"parent":16,"menu_order":0,"comment_status":"closed","ping_status":"closed","template":"","meta":{"_acf_changed":false,"sfsi_plus_gutenberg_text_before_share":"","sfsi_plus_gutenberg_show_text_before_share":"","sfsi_plus_gutenberg_icon_type":"","sfsi_plus_gutenberg_icon_alignemt":"","sfsi_plus_gutenburg_max_per_row":"","footnotes":""},"class_list":["post-2341","page","type-page","status-publish","hentry"],"translation":{"provider":"WPGlobus","version":"3.0.0","language":"en","enabled_languages":["lt","en"],"languages":{"lt":{"title":true,"content":true,"excerpt":false},"en":{"title":false,"content":false,"excerpt":false}}},"acf":[],"yoast_head":"<!-- This site is optimized with the Yoast SEO Premium plugin v25.6 (Yoast SEO v25.6) - https:\/\/yoast.com\/wordpress\/plugins\/seo\/ -->\n<title>Kur d\u0117ti sen\u0105 televizori\u0173? - EPA (Distributors of electronics association)<\/title>\n<meta name=\"robots\" content=\"index, follow, max-snippet:-1, max-image-preview:large, max-video-preview:-1\" \/>\n<link rel=\"canonical\" href=\"https:\/\/epa.lt\/duk\/kur-deti-sena-televizoriu\/\" \/>\n<meta property=\"og:locale\" content=\"en_US\" \/>\n<meta property=\"og:type\" content=\"article\" \/>\n<meta property=\"og:title\" content=\"Kur d\u0117ti sen\u0105 televizori\u0173? - EPA (Distributors of electronics association)\" \/>\n<meta property=\"og:url\" content=\"https:\/\/epa.lt\/duk\/kur-deti-sena-televizoriu\/\" \/>\n<meta property=\"og:site_name\" content=\"EPA (Distributors of electronics association)\" \/>\n<meta property=\"article:publisher\" content=\"https:\/\/www.facebook.com\/asociacija.epa\" \/>\n<meta property=\"article:modified_time\" content=\"2025-02-08T08:49:08+00:00\" \/>\n<meta name=\"twitter:card\" content=\"summary_large_image\" \/>\n<meta name=\"twitter:label1\" content=\"Est. reading time\" \/>\n\t<meta name=\"twitter:data1\" content=\"5 minutes\" \/>\n<script type=\"application\/ld+json\" class=\"yoast-schema-graph\">{\"@context\":\"https:\/\/schema.org\",\"@graph\":[{\"@type\":\"WebPage\",\"@id\":\"https:\/\/epa.lt\/duk\/kur-deti-sena-televizoriu\/\",\"url\":\"https:\/\/epa.lt\/duk\/kur-deti-sena-televizoriu\/\",\"name\":\"Kur d\u0117ti sen\u0105 televizori\u0173? - EPA (Distributors of electronics association)\",\"isPartOf\":{\"@id\":\"https:\/\/www.epa.lt\/#website\"},\"datePublished\":\"2023-06-20T07:26:17+00:00\",\"dateModified\":\"2025-02-08T08:49:08+00:00\",\"description\":\"Daugiau informacijos apie tai, kur d\u0117ti sen\u0105 televizori\u0173 skaitykite \u010dia!\",\"breadcrumb\":{\"@id\":\"https:\/\/epa.lt\/duk\/kur-deti-sena-televizoriu\/#breadcrumb\"},\"inLanguage\":\"en-US\",\"potentialAction\":[{\"@type\":\"ReadAction\",\"target\":[\"https:\/\/epa.lt\/duk\/kur-deti-sena-televizoriu\/\"]}]},{\"@type\":\"BreadcrumbList\",\"@id\":\"https:\/\/epa.lt\/duk\/kur-deti-sena-televizoriu\/#breadcrumb\",\"itemListElement\":[{\"@type\":\"ListItem\",\"position\":1,\"name\":\"Home\",\"item\":\"https:\/\/www.epa.lt\/\"},{\"@type\":\"ListItem\",\"position\":2,\"name\":\"Da\u017eniausiai u\u017eduodami klausimai apie elektronikos surinkim\u0105 (DUK)\",\"item\":\"https:\/\/www.epa.lt\/duk\/\"},{\"@type\":\"ListItem\",\"position\":3,\"name\":\"Kur d\u0117ti sen\u0105 televizori\u0173?\"}]},{\"@type\":\"WebSite\",\"@id\":\"https:\/\/www.epa.lt\/#website\",\"url\":\"https:\/\/www.epa.lt\/\",\"name\":\"{:lt}EPA (Elektronikos platintoj\u0173 asociacija){:}{:en}EPA (Distributors of electronics association) {:}\",\"description\":\"Electronic waste management\",\"publisher\":{\"@id\":\"https:\/\/www.epa.lt\/#organization\"},\"potentialAction\":[{\"@type\":\"SearchAction\",\"target\":{\"@type\":\"EntryPoint\",\"urlTemplate\":\"https:\/\/www.epa.lt\/?s={search_term_string}\"},\"query-input\":{\"@type\":\"PropertyValueSpecification\",\"valueRequired\":true,\"valueName\":\"search_term_string\"}}],\"inLanguage\":\"en-US\"},{\"@type\":\"Organization\",\"@id\":\"https:\/\/www.epa.lt\/#organization\",\"name\":\"{:lt}EPA (Elektronikos platintoj\u0173 asociacija){:}{:en}EPA (Distributors of electronics association) {:}\",\"url\":\"https:\/\/www.epa.lt\/\",\"logo\":{\"@type\":\"ImageObject\",\"inLanguage\":\"en-US\",\"@id\":\"https:\/\/www.epa.lt\/#\/schema\/logo\/image\/\",\"url\":\"https:\/\/www.epa.lt\/wp-content\/uploads\/2018\/04\/EPA_logo_RGB_t_vidus.png\",\"contentUrl\":\"https:\/\/www.epa.lt\/wp-content\/uploads\/2018\/04\/EPA_logo_RGB_t_vidus.png\",\"width\":945,\"height\":945,\"caption\":\"{:lt}EPA (Elektronikos platintoj\u0173 asociacija){:}{:en}EPA (Distributors of electronics association) {:}\"},\"image\":{\"@id\":\"https:\/\/www.epa.lt\/#\/schema\/logo\/image\/\"},\"sameAs\":[\"https:\/\/www.facebook.com\/asociacija.epa\"]}]}<\/script>\n<!-- \/ Yoast SEO Premium plugin. -->","yoast_head_json":{"title":"Kur d\u0117ti sen\u0105 televizori\u0173? - EPA (Distributors of electronics association)","robots":{"index":"index","follow":"follow","max-snippet":"max-snippet:-1","max-image-preview":"max-image-preview:large","max-video-preview":"max-video-preview:-1"},"canonical":"https:\/\/epa.lt\/duk\/kur-deti-sena-televizoriu\/","og_locale":"en_US","og_type":"article","og_title":"Kur d\u0117ti sen\u0105 televizori\u0173? - EPA (Distributors of electronics association)","og_url":"https:\/\/epa.lt\/duk\/kur-deti-sena-televizoriu\/","og_site_name":"EPA (Distributors of electronics association)","article_publisher":"https:\/\/www.facebook.com\/asociacija.epa","article_modified_time":"2025-02-08T08:49:08+00:00","twitter_card":"summary_large_image","twitter_misc":{"Est. reading time":"5 minutes"},"schema":{"@context":"https:\/\/schema.org","@graph":[{"@type":"WebPage","@id":"https:\/\/epa.lt\/duk\/kur-deti-sena-televizoriu\/","url":"https:\/\/epa.lt\/duk\/kur-deti-sena-televizoriu\/","name":"Kur d\u0117ti sen\u0105 televizori\u0173? - EPA (Distributors of electronics association)","isPartOf":{"@id":"https:\/\/www.epa.lt\/#website"},"datePublished":"2023-06-20T07:26:17+00:00","dateModified":"2025-02-08T08:49:08+00:00","description":"Daugiau informacijos apie tai, kur d\u0117ti sen\u0105 televizori\u0173 skaitykite \u010dia!","breadcrumb":{"@id":"https:\/\/epa.lt\/duk\/kur-deti-sena-televizoriu\/#breadcrumb"},"inLanguage":"en-US","potentialAction":[{"@type":"ReadAction","target":["https:\/\/epa.lt\/duk\/kur-deti-sena-televizoriu\/"]}]},{"@type":"BreadcrumbList","@id":"https:\/\/epa.lt\/duk\/kur-deti-sena-televizoriu\/#breadcrumb","itemListElement":[{"@type":"ListItem","position":1,"name":"Home","item":"https:\/\/www.epa.lt\/"},{"@type":"ListItem","position":2,"name":"Da\u017eniausiai u\u017eduodami klausimai apie elektronikos surinkim\u0105 (DUK)","item":"https:\/\/www.epa.lt\/duk\/"},{"@type":"ListItem","position":3,"name":"Kur d\u0117ti sen\u0105 televizori\u0173?"}]},{"@type":"WebSite","@id":"https:\/\/www.epa.lt\/#website","url":"https:\/\/www.epa.lt\/","name":"{:lt}EPA (Elektronikos platintoj\u0173 asociacija){:}{:en}EPA (Distributors of electronics association) {:}","description":"Electronic waste management","publisher":{"@id":"https:\/\/www.epa.lt\/#organization"},"potentialAction":[{"@type":"SearchAction","target":{"@type":"EntryPoint","urlTemplate":"https:\/\/www.epa.lt\/?s={search_term_string}"},"query-input":{"@type":"PropertyValueSpecification","valueRequired":true,"valueName":"search_term_string"}}],"inLanguage":"en-US"},{"@type":"Organization","@id":"https:\/\/www.epa.lt\/#organization","name":"{:lt}EPA (Elektronikos platintoj\u0173 asociacija){:}{:en}EPA (Distributors of electronics association) {:}","url":"https:\/\/www.epa.lt\/","logo":{"@type":"ImageObject","inLanguage":"en-US","@id":"https:\/\/www.epa.lt\/#\/schema\/logo\/image\/","url":"https:\/\/www.epa.lt\/wp-content\/uploads\/2018\/04\/EPA_logo_RGB_t_vidus.png","contentUrl":"https:\/\/www.epa.lt\/wp-content\/uploads\/2018\/04\/EPA_logo_RGB_t_vidus.png","width":945,"height":945,"caption":"{:lt}EPA (Elektronikos platintoj\u0173 asociacija){:}{:en}EPA (Distributors of electronics association) {:}"},"image":{"@id":"https:\/\/www.epa.lt\/#\/schema\/logo\/image\/"},"sameAs":["https:\/\/www.facebook.com\/asociacija.epa"]}]}},"_links":{"self":[{"href":"https:\/\/epa.lt\/en\/wp-json\/wp\/v2\/pages\/2341","targetHints":{"allow":["GET"]}}],"collection":[{"href":"https:\/\/epa.lt\/en\/wp-json\/wp\/v2\/pages"}],"about":[{"href":"https:\/\/epa.lt\/en\/wp-json\/wp\/v2\/types\/page"}],"author":[{"embeddable":true,"href":"https:\/\/epa.lt\/en\/wp-json\/wp\/v2\/users\/2"}],"replies":[{"embeddable":true,"href":"https:\/\/epa.lt\/en\/wp-json\/wp\/v2\/comments?post=2341"}],"version-history":[{"count":4,"href":"https:\/\/epa.lt\/en\/wp-json\/wp\/v2\/pages\/2341\/revisions"}],"predecessor-version":[{"id":3215,"href":"https:\/\/epa.lt\/en\/wp-json\/wp\/v2\/pages\/2341\/revisions\/3215"}],"up":[{"embeddable":true,"href":"https:\/\/epa.lt\/en\/wp-json\/wp\/v2\/pages\/16"}],"wp:attachment":[{"href":"https:\/\/epa.lt\/en\/wp-json\/wp\/v2\/media?parent=2341"}],"curies":[{"name":"wp","href":"https:\/\/api.w.org\/{rel}","templated":true}]}}