{"id":2357,"date":"2023-06-20T10:28:57","date_gmt":"2023-06-20T07:28:57","guid":{"rendered":"https:\/\/www.epa.lt\/?page_id=2357"},"modified":"2023-06-26T11:34:21","modified_gmt":"2023-06-26T08:34:21","slug":"kur-priduoti-sena-gartrauki","status":"publish","type":"page","link":"https:\/\/epa.lt\/en\/duk\/kur-priduoti-sena-gartrauki\/","title":{"rendered":"Kur priduoti sen\u0105 gartrauk\u012f?"},"content":{"rendered":"<p><strong>Paprastas gartraukis \u2013 vertingas daiktas <\/strong><\/p>\n<p>Nutar\u0117te sen\u0105 gartrauk\u012f pakeisti nauju, bet galvos\u016bkiu tapo klausimas, <strong>kur priduoti naudot\u0105 gartrauk\u012f?<\/strong> Neskub\u0117kite. Senas gartraukis \u2013 neb\u016btinai niekam tik\u0119s daiktas. Ne vienu atveju tai bus ir labai geid\u017eiamas sodyboje, kurioje senienos gali atrodyti stilingai. Tad pirmiausia tur\u0117tume kelti klausim\u0105: ar \u0161is daiktas dar veikia, o jei ne \u2013 ar gali b\u016bti pataisytas. Ir tik tada pasidom\u0117ti, kaip gal\u0117tum\u0117te atsakingai \u0161alinti nebereikaling\u0105 daikt\u0105.<\/p>\n<p>Svarbu suprasti, kad gartraukiai b\u016bna \u012fvair\u016bs. Vir\u0161 sen\u0173 krosni\u0173 \u012frengiami paprasti, be elektros energijos veikiantys plieniniai gartraukiai. Da\u017eniausiai tai \u2013 ilgaam\u017eiai daiktai, tad jei turite tok\u012f nereikaling\u0105, jis gal\u0117t\u0173 sudominti ne vien\u0105 sen\u0173 daikt\u0173 m\u0117g\u0117j\u0105. Pabandykite tok\u012f parduoti ar padovanoti, o jei nepavyks, j\u012f gal\u0117tum\u0117te priduoti metalo lau\u017eo supirk\u0117jams.<\/p>\n<p><strong>Elektrinis ar elektroninis gartraukis: parduoti, dovanoti, taisyti, i\u0161mesti?<\/strong><\/p>\n<p>Kita grup\u0117 gartrauki\u0173 \u2013 elektriniai ar elektroniniai, kuri\u0173 veikimui reikalinga elektros energija. Jei toks gartraukis sugedo, pasvarstykite apie jo taisym\u0105 pagal ekspert\u0173 rekomenduojam\u0105 formul\u0119: jei remontas nevir\u0161ija 50 proc. naujo daikto vert\u0117s, taisykite. Na, o jeigu vis d\u0117lto apsisprend\u0117te, kad reikalingas naujas, pabandykite perduoti \u0161\u012f daikt\u0105 \u012f antras rankas \u2013 parduokite arba dovanokite.<\/p>\n<p>Elektrinio ar elektroninio gartraukio \u0161alinimas elektronikos atliek\u0173 surinkimo tinkle \u2013 paskutinis \u017eingsnis. Jis n\u0117ra beprasmis, nes patekusi \u012f \u012fgaliot\u0173 tvarkytoj\u0173 ir perdirb\u0117j\u0173 rankas \u0161i atlieka pavirs \u012f naudingas med\u017eiagas, kurios gal\u0117s b\u016bti panaudotos nauj\u0173 daikt\u0173 gamybai.<\/p>\n<p>Toki\u0105 atliek\u0105 der\u0117t\u0173 \u0161alinti atsakingai \u2013 i\u0161mesti \u012f special\u0173j\u012f konteiner\u012f, esant\u012f \u0161alia kurio nors prekybos centro ar stambiagabari\u010di\u0173 atliek\u0173 aik\u0161tel\u0117je. Toki\u0173 konteineri\u0173 viet\u0173 galite ie\u0161koti www.epa.lt svetain\u0117je skelbiamame s\u0105ra\u0161e. Norite pasinaudoti nemokamo i\u0161ve\u017eimo i\u0161 nam\u0173 paslauga \u2013 skambinkite telefonu +370 695 55111 arba registruokit\u0117s <a href=\"https:\/\/www.epa.lt\">www.epa.lt<\/a> svetain\u0117je.<\/p>\n","protected":false},"excerpt":{"rendered":"<p>Paprastas gartraukis \u2013 vertingas daiktas Nutar\u0117te sen\u0105 gartrauk\u012f pakeisti nauju, bet galvos\u016bkiu tapo klausimas, kur priduoti naudot\u0105 gartrauk\u012f? Neskub\u0117kite. Senas gartraukis \u2013 neb\u016btinai niekam tik\u0119s daiktas. Ne vienu atveju tai bus ir labai geid\u017eiamas sodyboje, kurioje senienos gali atrodyti stilingai. Tad pirmiausia tur\u0117tume kelti klausim\u0105: ar \u0161is daiktas dar veikia, o jei ne \u2013 ar [&hellip;]<\/p>\n","protected":false},"author":2,"featured_media":0,"parent":16,"menu_order":0,"comment_status":"closed","ping_status":"closed","template":"","meta":{"_acf_changed":false,"sfsi_plus_gutenberg_text_before_share":"","sfsi_plus_gutenberg_show_text_before_share":"","sfsi_plus_gutenberg_icon_type":"","sfsi_plus_gutenberg_icon_alignemt":"","sfsi_plus_gutenburg_max_per_row":"","footnotes":""},"class_list":["post-2357","page","type-page","status-publish","hentry"],"translation":{"provider":"WPGlobus","version":"3.0.0","language":"en","enabled_languages":["lt","en"],"languages":{"lt":{"title":true,"content":true,"excerpt":false},"en":{"title":false,"content":false,"excerpt":false}}},"acf":[],"yoast_head":"<!-- This site is optimized with the Yoast SEO Premium plugin v25.6 (Yoast SEO v25.6) - https:\/\/yoast.com\/wordpress\/plugins\/seo\/ -->\n<title>Kur priduoti sen\u0105 gartrauk\u012f? - EPA (Distributors of electronics association)<\/title>\n<meta name=\"robots\" content=\"index, follow, max-snippet:-1, max-image-preview:large, max-video-preview:-1\" \/>\n<link rel=\"canonical\" href=\"https:\/\/epa.lt\/duk\/kur-priduoti-sena-gartrauki\/\" \/>\n<meta property=\"og:locale\" content=\"en_US\" \/>\n<meta property=\"og:type\" content=\"article\" \/>\n<meta property=\"og:title\" content=\"Kur priduoti sen\u0105 gartrauk\u012f? - EPA (Distributors of electronics association)\" \/>\n<meta property=\"og:url\" content=\"https:\/\/epa.lt\/duk\/kur-priduoti-sena-gartrauki\/\" \/>\n<meta property=\"og:site_name\" content=\"EPA (Distributors of electronics association)\" \/>\n<meta property=\"article:publisher\" content=\"https:\/\/www.facebook.com\/asociacija.epa\" \/>\n<meta property=\"article:modified_time\" content=\"2023-06-26T08:34:21+00:00\" \/>\n<meta name=\"twitter:card\" content=\"summary_large_image\" \/>\n<meta name=\"twitter:label1\" content=\"Est. reading time\" \/>\n\t<meta name=\"twitter:data1\" content=\"2 minutes\" \/>\n<script type=\"application\/ld+json\" class=\"yoast-schema-graph\">{\"@context\":\"https:\/\/schema.org\",\"@graph\":[{\"@type\":\"WebPage\",\"@id\":\"https:\/\/epa.lt\/duk\/kur-priduoti-sena-gartrauki\/\",\"url\":\"https:\/\/epa.lt\/duk\/kur-priduoti-sena-gartrauki\/\",\"name\":\"Kur priduoti sen\u0105 gartrauk\u012f? - EPA (Distributors of electronics association)\",\"isPartOf\":{\"@id\":\"https:\/\/www.epa.lt\/en\/#website\"},\"datePublished\":\"2023-06-20T07:28:57+00:00\",\"dateModified\":\"2023-06-26T08:34:21+00:00\",\"description\":\"Daugiau informacijos apie tai, kur priduoti sen\u0105 gartrauk\u012f. Su\u017einokite \u010dia!\",\"breadcrumb\":{\"@id\":\"https:\/\/epa.lt\/duk\/kur-priduoti-sena-gartrauki\/#breadcrumb\"},\"inLanguage\":\"en-US\",\"potentialAction\":[{\"@type\":\"ReadAction\",\"target\":[\"https:\/\/epa.lt\/duk\/kur-priduoti-sena-gartrauki\/\"]}]},{\"@type\":\"BreadcrumbList\",\"@id\":\"https:\/\/epa.lt\/duk\/kur-priduoti-sena-gartrauki\/#breadcrumb\",\"itemListElement\":[{\"@type\":\"ListItem\",\"position\":1,\"name\":\"Home\",\"item\":\"https:\/\/www.epa.lt\/en\/\"},{\"@type\":\"ListItem\",\"position\":2,\"name\":\"Da\u017eniausiai u\u017eduodami klausimai apie elektronikos surinkim\u0105 (DUK)\",\"item\":\"https:\/\/www.epa.lt\/en\/duk\/\"},{\"@type\":\"ListItem\",\"position\":3,\"name\":\"Kur priduoti sen\u0105 gartrauk\u012f?\"}]},{\"@type\":\"WebSite\",\"@id\":\"https:\/\/www.epa.lt\/en\/#website\",\"url\":\"https:\/\/www.epa.lt\/en\/\",\"name\":\"{:lt}EPA (Elektronikos platintoj\u0173 asociacija){:}{:en}EPA (Distributors of electronics association) {:}\",\"description\":\"Electronic waste management\",\"publisher\":{\"@id\":\"https:\/\/www.epa.lt\/en\/#organization\"},\"potentialAction\":[{\"@type\":\"SearchAction\",\"target\":{\"@type\":\"EntryPoint\",\"urlTemplate\":\"https:\/\/www.epa.lt\/en\/?s={search_term_string}\"},\"query-input\":{\"@type\":\"PropertyValueSpecification\",\"valueRequired\":true,\"valueName\":\"search_term_string\"}}],\"inLanguage\":\"en-US\"},{\"@type\":\"Organization\",\"@id\":\"https:\/\/www.epa.lt\/en\/#organization\",\"name\":\"{:lt}EPA (Elektronikos platintoj\u0173 asociacija){:}{:en}EPA (Distributors of electronics association) {:}\",\"url\":\"https:\/\/www.epa.lt\/en\/\",\"logo\":{\"@type\":\"ImageObject\",\"inLanguage\":\"en-US\",\"@id\":\"https:\/\/www.epa.lt\/en\/#\/schema\/logo\/image\/\",\"url\":\"https:\/\/www.epa.lt\/wp-content\/uploads\/2018\/04\/EPA_logo_RGB_t_vidus.png\",\"contentUrl\":\"https:\/\/www.epa.lt\/wp-content\/uploads\/2018\/04\/EPA_logo_RGB_t_vidus.png\",\"width\":945,\"height\":945,\"caption\":\"{:lt}EPA (Elektronikos platintoj\u0173 asociacija){:}{:en}EPA (Distributors of electronics association) {:}\"},\"image\":{\"@id\":\"https:\/\/www.epa.lt\/en\/#\/schema\/logo\/image\/\"},\"sameAs\":[\"https:\/\/www.facebook.com\/asociacija.epa\"]}]}<\/script>\n<!-- \/ Yoast SEO Premium plugin. -->","yoast_head_json":{"title":"Kur priduoti sen\u0105 gartrauk\u012f? - EPA (Distributors of electronics association)","robots":{"index":"index","follow":"follow","max-snippet":"max-snippet:-1","max-image-preview":"max-image-preview:large","max-video-preview":"max-video-preview:-1"},"canonical":"https:\/\/epa.lt\/duk\/kur-priduoti-sena-gartrauki\/","og_locale":"en_US","og_type":"article","og_title":"Kur priduoti sen\u0105 gartrauk\u012f? - EPA (Distributors of electronics association)","og_url":"https:\/\/epa.lt\/duk\/kur-priduoti-sena-gartrauki\/","og_site_name":"EPA (Distributors of electronics association)","article_publisher":"https:\/\/www.facebook.com\/asociacija.epa","article_modified_time":"2023-06-26T08:34:21+00:00","twitter_card":"summary_large_image","twitter_misc":{"Est. reading time":"2 minutes"},"schema":{"@context":"https:\/\/schema.org","@graph":[{"@type":"WebPage","@id":"https:\/\/epa.lt\/duk\/kur-priduoti-sena-gartrauki\/","url":"https:\/\/epa.lt\/duk\/kur-priduoti-sena-gartrauki\/","name":"Kur priduoti sen\u0105 gartrauk\u012f? - EPA (Distributors of electronics association)","isPartOf":{"@id":"https:\/\/www.epa.lt\/en\/#website"},"datePublished":"2023-06-20T07:28:57+00:00","dateModified":"2023-06-26T08:34:21+00:00","description":"Daugiau informacijos apie tai, kur priduoti sen\u0105 gartrauk\u012f. Su\u017einokite \u010dia!","breadcrumb":{"@id":"https:\/\/epa.lt\/duk\/kur-priduoti-sena-gartrauki\/#breadcrumb"},"inLanguage":"en-US","potentialAction":[{"@type":"ReadAction","target":["https:\/\/epa.lt\/duk\/kur-priduoti-sena-gartrauki\/"]}]},{"@type":"BreadcrumbList","@id":"https:\/\/epa.lt\/duk\/kur-priduoti-sena-gartrauki\/#breadcrumb","itemListElement":[{"@type":"ListItem","position":1,"name":"Home","item":"https:\/\/www.epa.lt\/en\/"},{"@type":"ListItem","position":2,"name":"Da\u017eniausiai u\u017eduodami klausimai apie elektronikos surinkim\u0105 (DUK)","item":"https:\/\/www.epa.lt\/en\/duk\/"},{"@type":"ListItem","position":3,"name":"Kur priduoti sen\u0105 gartrauk\u012f?"}]},{"@type":"WebSite","@id":"https:\/\/www.epa.lt\/en\/#website","url":"https:\/\/www.epa.lt\/en\/","name":"{:lt}EPA (Elektronikos platintoj\u0173 asociacija){:}{:en}EPA (Distributors of electronics association) {:}","description":"Electronic waste management","publisher":{"@id":"https:\/\/www.epa.lt\/en\/#organization"},"potentialAction":[{"@type":"SearchAction","target":{"@type":"EntryPoint","urlTemplate":"https:\/\/www.epa.lt\/en\/?s={search_term_string}"},"query-input":{"@type":"PropertyValueSpecification","valueRequired":true,"valueName":"search_term_string"}}],"inLanguage":"en-US"},{"@type":"Organization","@id":"https:\/\/www.epa.lt\/en\/#organization","name":"{:lt}EPA (Elektronikos platintoj\u0173 asociacija){:}{:en}EPA (Distributors of electronics association) {:}","url":"https:\/\/www.epa.lt\/en\/","logo":{"@type":"ImageObject","inLanguage":"en-US","@id":"https:\/\/www.epa.lt\/en\/#\/schema\/logo\/image\/","url":"https:\/\/www.epa.lt\/wp-content\/uploads\/2018\/04\/EPA_logo_RGB_t_vidus.png","contentUrl":"https:\/\/www.epa.lt\/wp-content\/uploads\/2018\/04\/EPA_logo_RGB_t_vidus.png","width":945,"height":945,"caption":"{:lt}EPA (Elektronikos platintoj\u0173 asociacija){:}{:en}EPA (Distributors of electronics association) {:}"},"image":{"@id":"https:\/\/www.epa.lt\/en\/#\/schema\/logo\/image\/"},"sameAs":["https:\/\/www.facebook.com\/asociacija.epa"]}]}},"_links":{"self":[{"href":"https:\/\/epa.lt\/en\/wp-json\/wp\/v2\/pages\/2357","targetHints":{"allow":["GET"]}}],"collection":[{"href":"https:\/\/epa.lt\/en\/wp-json\/wp\/v2\/pages"}],"about":[{"href":"https:\/\/epa.lt\/en\/wp-json\/wp\/v2\/types\/page"}],"author":[{"embeddable":true,"href":"https:\/\/epa.lt\/en\/wp-json\/wp\/v2\/users\/2"}],"replies":[{"embeddable":true,"href":"https:\/\/epa.lt\/en\/wp-json\/wp\/v2\/comments?post=2357"}],"version-history":[{"count":3,"href":"https:\/\/epa.lt\/en\/wp-json\/wp\/v2\/pages\/2357\/revisions"}],"predecessor-version":[{"id":2407,"href":"https:\/\/epa.lt\/en\/wp-json\/wp\/v2\/pages\/2357\/revisions\/2407"}],"up":[{"embeddable":true,"href":"https:\/\/epa.lt\/en\/wp-json\/wp\/v2\/pages\/16"}],"wp:attachment":[{"href":"https:\/\/epa.lt\/en\/wp-json\/wp\/v2\/media?parent=2357"}],"curies":[{"name":"wp","href":"https:\/\/api.w.org\/{rel}","templated":true}]}}