{"id":2377,"date":"2023-06-20T10:55:12","date_gmt":"2023-06-20T07:55:12","guid":{"rendered":"https:\/\/www.epa.lt\/?page_id=2377"},"modified":"2025-10-06T21:08:18","modified_gmt":"2025-10-06T18:08:18","slug":"elektronikos-atlieku-konteineriai","status":"publish","type":"page","link":"https:\/\/epa.lt\/en\/paslaugos\/elektronikos-atlieku-konteineriai\/","title":{"rendered":"Electronics Waste Containers"},"content":{"rendered":"\n<p><\/p>\n\n\n\n<div class=\"wp-block-buttons is-content-justification-center is-layout-flex wp-container-core-buttons-is-layout-51f7783f wp-block-buttons-is-layout-flex\">\n<div class=\"wp-block-button has-custom-width wp-block-button__width-75 is-style-fill\"><a class=\"wp-block-button__link has-black-color has-light-green-cyan-background-color has-text-color has-background has-link-color has-small-font-size has-custom-font-size wp-element-button\" href=\"https:\/\/epa.lt\/tapk-epa-nariu\/\"><strong>Quick Order Of Electronics Waste Containers<\/strong><\/a><\/div>\n<\/div>\n\n\n\n<p>Small electronic waste can be disposed of in stores<\/p>\n\n\n\n<p>Electronic devices \u2014 from refrigerators, washing machines, and range hoods to vacuum cleaners, electronic toys, and electric toothbrushes \u2014 usually have metal or plastic casings. Because of this, they\u2019re often mistakenly perceived as ordinary metal or plastic items. Unfortunately, this is not only a misconception but also leads to improper waste sorting, which results in unsustainable waste management, wasted Earth and energy resources, and environmental pollution.<\/p>\n\n\n\n<p>For several years now, electronic waste has been the fastest-growing type of waste, and a dedicated collection network has been established for its management. The primary element of this network is specialized electronics waste containers. In almost every major shopping center, you can find a container intended for small electronics waste. These containers often have separate compartments for electronics, batteries and accumulators, and fluorescent lamps. Such containers are available in Vilnius, Kaunas, and also in Klaip\u0117da, \u0160iauliai, and other larger and smaller towns and district centers across the country.<\/p>\n\n\n\n<p>Batteries and accumulators should be separated when disposing of electronic waste<\/p>\n\n\n\n<p>The separate compartment for battery and accumulator waste in the containers is no coincidence \u2014 these are a distinct type of waste that must be handled differently. Therefore, when discarding a device that operates on batteries, the used batteries should be removed and thrown away separately.<\/p>\n\n\n\n<p>Containers for small electronics waste can be found in shopping centers, libraries, and other cultural and educational institutions. Meanwhile, containers for large electronic waste are located near shopping centers and bulky waste collection sites. These are intended for old large household appliances brought in by residents. Regular collection and removal of these wastes is an important step in responsible electronic waste management and recycling.<\/p>\n\n\n\n<p>Free home collection service<\/p>\n\n\n\n<p>Electronics containers have become a familiar sight to many people in Lithuania, but some still find them inconvenient to use. When you replace an old, inefficient washing machine or a faulty refrigerator with a new one, transporting the old appliance to a special container site may seem like a hassle. The hardest part is usually carrying the heavy appliance out of the home, especially in apartment buildings without elevators and with narrow stairways. In such cases, the best option is to use the free home collection service for large electronic waste.<\/p>\n\n\n\n<p>You can order this free pick-up and removal service by filling out a form on the website www.epa.lt<br>. This allows you to schedule the removal of your old electric stove, refrigerator, or washing machine from your home. Alternatively, you can simply call +370 695 55111 to arrange the service. The collected waste will be handed over to authorized recyclers, and valuable raw materials recovered during the recycling process will be used to produce new items.<\/p>\n\n\n\n<p>Improperly stored electronic waste \u2014 in basements, storage rooms, or outdoors \u2014 can turn into hazardous pollutants that contaminate soil, air, and water, posing risks to both the environment and human health. Instead of benefits, this can result in serious or even irreversible damage.<\/p>\n\n\n\n<p><\/p>\n","protected":false},"excerpt":{"rendered":"<p>Small electronic waste can be disposed of in stores Electronic devices \u2014 from refrigerators, washing machines, and range hoods to vacuum cleaners, electronic toys, and electric toothbrushes \u2014 usually have metal or plastic casings. Because of this, they\u2019re often mistakenly perceived as ordinary metal or plastic items. Unfortunately, this is not only a misconception but [&hellip;]<\/p>\n","protected":false},"author":2,"featured_media":0,"parent":2367,"menu_order":0,"comment_status":"closed","ping_status":"closed","template":"","meta":{"_acf_changed":false,"sfsi_plus_gutenberg_text_before_share":"","sfsi_plus_gutenberg_show_text_before_share":"","sfsi_plus_gutenberg_icon_type":"","sfsi_plus_gutenberg_icon_alignemt":"","sfsi_plus_gutenburg_max_per_row":"","footnotes":""},"class_list":["post-2377","page","type-page","status-publish","hentry"],"translation":{"provider":"WPGlobus","version":"3.0.0","language":"en","enabled_languages":["lt","en"],"languages":{"lt":{"title":true,"content":true,"excerpt":false},"en":{"title":true,"content":true,"excerpt":false}}},"acf":[],"yoast_head":"<!-- This site is optimized with the Yoast SEO Premium plugin v25.6 (Yoast SEO v25.6) - https:\/\/yoast.com\/wordpress\/plugins\/seo\/ -->\n<title>Electronics Waste Containers - EPA (Distributors of electronics association)<\/title>\n<meta name=\"robots\" content=\"index, follow, max-snippet:-1, max-image-preview:large, max-video-preview:-1\" \/>\n<link rel=\"canonical\" href=\"https:\/\/www.epa.lt\/en\/paslaugos\/elektronikos-atlieku-konteineriai\/\" \/>\n<meta property=\"og:locale\" content=\"en_US\" \/>\n<meta property=\"og:type\" content=\"article\" \/>\n<meta property=\"og:title\" content=\"Electronics Waste Containers - EPA (Distributors of electronics association)\" \/>\n<meta property=\"og:url\" content=\"https:\/\/www.epa.lt\/en\/paslaugos\/elektronikos-atlieku-konteineriai\/\" \/>\n<meta property=\"og:site_name\" content=\"EPA (Distributors of electronics association)\" \/>\n<meta property=\"article:publisher\" content=\"https:\/\/www.facebook.com\/asociacija.epa\" \/>\n<meta property=\"article:modified_time\" content=\"2025-10-06T18:08:18+00:00\" \/>\n<meta name=\"twitter:card\" content=\"summary_large_image\" \/>\n<script type=\"application\/ld+json\" class=\"yoast-schema-graph\">{\"@context\":\"https:\/\/schema.org\",\"@graph\":[{\"@type\":\"WebPage\",\"@id\":\"https:\/\/www.epa.lt\/en\/paslaugos\/elektronikos-atlieku-konteineriai\/\",\"url\":\"https:\/\/www.epa.lt\/en\/paslaugos\/elektronikos-atlieku-konteineriai\/\",\"name\":\"Electronics Waste Containers - EPA (Distributors of electronics association)\",\"isPartOf\":{\"@id\":\"https:\/\/epa.lt\/#website\"},\"datePublished\":\"2023-06-20T07:55:12+00:00\",\"dateModified\":\"2025-10-06T18:08:18+00:00\",\"description\":\"Turite nenaudojamos elektronikos? EPA informuoja kur galite priduoti nenaudojam\u0105 elektronikos \u012franga. Skaitykite pla\u010diau!\",\"breadcrumb\":{\"@id\":\"https:\/\/www.epa.lt\/en\/paslaugos\/elektronikos-atlieku-konteineriai\/#breadcrumb\"},\"inLanguage\":\"en-US\",\"potentialAction\":[{\"@type\":\"ReadAction\",\"target\":[\"https:\/\/www.epa.lt\/en\/paslaugos\/elektronikos-atlieku-konteineriai\/\"]}]},{\"@type\":\"BreadcrumbList\",\"@id\":\"https:\/\/www.epa.lt\/en\/paslaugos\/elektronikos-atlieku-konteineriai\/#breadcrumb\",\"itemListElement\":[{\"@type\":\"ListItem\",\"position\":1,\"name\":\"Home\",\"item\":\"https:\/\/epa.lt\/\"},{\"@type\":\"ListItem\",\"position\":2,\"name\":\"Paslaugos\",\"item\":\"https:\/\/www.epa.lt\/en\/paslaugos\/\"},{\"@type\":\"ListItem\",\"position\":3,\"name\":\"Electronics Waste Containers\"}]},{\"@type\":\"WebSite\",\"@id\":\"https:\/\/epa.lt\/#website\",\"url\":\"https:\/\/epa.lt\/\",\"name\":\"{:lt}EPA (Elektronikos platintoj\u0173 asociacija){:}{:en}EPA (Distributors of electronics association) {:}\",\"description\":\"Electronic waste management\",\"publisher\":{\"@id\":\"https:\/\/epa.lt\/#organization\"},\"potentialAction\":[{\"@type\":\"SearchAction\",\"target\":{\"@type\":\"EntryPoint\",\"urlTemplate\":\"https:\/\/epa.lt\/?s={search_term_string}\"},\"query-input\":{\"@type\":\"PropertyValueSpecification\",\"valueRequired\":true,\"valueName\":\"search_term_string\"}}],\"inLanguage\":\"en-US\"},{\"@type\":\"Organization\",\"@id\":\"https:\/\/epa.lt\/#organization\",\"name\":\"{:lt}EPA (Elektronikos platintoj\u0173 asociacija){:}{:en}EPA (Distributors of electronics association) {:}\",\"url\":\"https:\/\/epa.lt\/\",\"logo\":{\"@type\":\"ImageObject\",\"inLanguage\":\"en-US\",\"@id\":\"https:\/\/epa.lt\/#\/schema\/logo\/image\/\",\"url\":\"https:\/\/www.epa.lt\/wp-content\/uploads\/2018\/04\/EPA_logo_RGB_t_vidus.png\",\"contentUrl\":\"https:\/\/www.epa.lt\/wp-content\/uploads\/2018\/04\/EPA_logo_RGB_t_vidus.png\",\"width\":945,\"height\":945,\"caption\":\"{:lt}EPA (Elektronikos platintoj\u0173 asociacija){:}{:en}EPA (Distributors of electronics association) {:}\"},\"image\":{\"@id\":\"https:\/\/epa.lt\/#\/schema\/logo\/image\/\"},\"sameAs\":[\"https:\/\/www.facebook.com\/asociacija.epa\"]}]}<\/script>\n<!-- \/ Yoast SEO Premium plugin. -->","yoast_head_json":{"title":"Electronics Waste Containers - EPA (Distributors of electronics association)","robots":{"index":"index","follow":"follow","max-snippet":"max-snippet:-1","max-image-preview":"max-image-preview:large","max-video-preview":"max-video-preview:-1"},"canonical":"https:\/\/www.epa.lt\/en\/paslaugos\/elektronikos-atlieku-konteineriai\/","og_locale":"en_US","og_type":"article","og_title":"Electronics Waste Containers - EPA (Distributors of electronics association)","og_url":"https:\/\/www.epa.lt\/en\/paslaugos\/elektronikos-atlieku-konteineriai\/","og_site_name":"EPA (Distributors of electronics association)","article_publisher":"https:\/\/www.facebook.com\/asociacija.epa","article_modified_time":"2025-10-06T18:08:18+00:00","twitter_card":"summary_large_image","schema":{"@context":"https:\/\/schema.org","@graph":[{"@type":"WebPage","@id":"https:\/\/www.epa.lt\/en\/paslaugos\/elektronikos-atlieku-konteineriai\/","url":"https:\/\/www.epa.lt\/en\/paslaugos\/elektronikos-atlieku-konteineriai\/","name":"Electronics Waste Containers - EPA (Distributors of electronics association)","isPartOf":{"@id":"https:\/\/epa.lt\/#website"},"datePublished":"2023-06-20T07:55:12+00:00","dateModified":"2025-10-06T18:08:18+00:00","description":"Turite nenaudojamos elektronikos? EPA informuoja kur galite priduoti nenaudojam\u0105 elektronikos \u012franga. Skaitykite pla\u010diau!","breadcrumb":{"@id":"https:\/\/www.epa.lt\/en\/paslaugos\/elektronikos-atlieku-konteineriai\/#breadcrumb"},"inLanguage":"en-US","potentialAction":[{"@type":"ReadAction","target":["https:\/\/www.epa.lt\/en\/paslaugos\/elektronikos-atlieku-konteineriai\/"]}]},{"@type":"BreadcrumbList","@id":"https:\/\/www.epa.lt\/en\/paslaugos\/elektronikos-atlieku-konteineriai\/#breadcrumb","itemListElement":[{"@type":"ListItem","position":1,"name":"Home","item":"https:\/\/epa.lt\/"},{"@type":"ListItem","position":2,"name":"Paslaugos","item":"https:\/\/www.epa.lt\/en\/paslaugos\/"},{"@type":"ListItem","position":3,"name":"Electronics Waste Containers"}]},{"@type":"WebSite","@id":"https:\/\/epa.lt\/#website","url":"https:\/\/epa.lt\/","name":"{:lt}EPA (Elektronikos platintoj\u0173 asociacija){:}{:en}EPA (Distributors of electronics association) {:}","description":"Electronic waste management","publisher":{"@id":"https:\/\/epa.lt\/#organization"},"potentialAction":[{"@type":"SearchAction","target":{"@type":"EntryPoint","urlTemplate":"https:\/\/epa.lt\/?s={search_term_string}"},"query-input":{"@type":"PropertyValueSpecification","valueRequired":true,"valueName":"search_term_string"}}],"inLanguage":"en-US"},{"@type":"Organization","@id":"https:\/\/epa.lt\/#organization","name":"{:lt}EPA (Elektronikos platintoj\u0173 asociacija){:}{:en}EPA (Distributors of electronics association) {:}","url":"https:\/\/epa.lt\/","logo":{"@type":"ImageObject","inLanguage":"en-US","@id":"https:\/\/epa.lt\/#\/schema\/logo\/image\/","url":"https:\/\/www.epa.lt\/wp-content\/uploads\/2018\/04\/EPA_logo_RGB_t_vidus.png","contentUrl":"https:\/\/www.epa.lt\/wp-content\/uploads\/2018\/04\/EPA_logo_RGB_t_vidus.png","width":945,"height":945,"caption":"{:lt}EPA (Elektronikos platintoj\u0173 asociacija){:}{:en}EPA (Distributors of electronics association) {:}"},"image":{"@id":"https:\/\/epa.lt\/#\/schema\/logo\/image\/"},"sameAs":["https:\/\/www.facebook.com\/asociacija.epa"]}]}},"_links":{"self":[{"href":"https:\/\/epa.lt\/en\/wp-json\/wp\/v2\/pages\/2377","targetHints":{"allow":["GET"]}}],"collection":[{"href":"https:\/\/epa.lt\/en\/wp-json\/wp\/v2\/pages"}],"about":[{"href":"https:\/\/epa.lt\/en\/wp-json\/wp\/v2\/types\/page"}],"author":[{"embeddable":true,"href":"https:\/\/epa.lt\/en\/wp-json\/wp\/v2\/users\/2"}],"replies":[{"embeddable":true,"href":"https:\/\/epa.lt\/en\/wp-json\/wp\/v2\/comments?post=2377"}],"version-history":[{"count":8,"href":"https:\/\/epa.lt\/en\/wp-json\/wp\/v2\/pages\/2377\/revisions"}],"predecessor-version":[{"id":3494,"href":"https:\/\/epa.lt\/en\/wp-json\/wp\/v2\/pages\/2377\/revisions\/3494"}],"up":[{"embeddable":true,"href":"https:\/\/epa.lt\/en\/wp-json\/wp\/v2\/pages\/2367"}],"wp:attachment":[{"href":"https:\/\/epa.lt\/en\/wp-json\/wp\/v2\/media?parent=2377"}],"curies":[{"name":"wp","href":"https:\/\/api.w.org\/{rel}","templated":true}]}}