{"id":2514,"date":"2025-02-11T22:39:30","date_gmt":"2025-02-11T19:39:30","guid":{"rendered":"https:\/\/www.epa.lt\/?page_id=2514"},"modified":"2025-02-11T22:51:20","modified_gmt":"2025-02-11T19:51:20","slug":"epa-kas-tai","status":"publish","type":"page","link":"https:\/\/epa.lt\/en\/epa-kas-tai\/","title":{"rendered":"EPA"},"content":{"rendered":"\n<p>Elektronikos platintoj\u0173 asociacija (EPA) yra did\u017eiausia ir viena svarbiausi\u0173 organizacij\u0173 Lietuvoje, u\u017esiiman\u010di\u0173 baterij\u0173, akumuliatori\u0173, elektros ir elektronikos \u012frangos atliek\u0173 tvarkymo organizavimu. Ji u\u017etikrina, kad elektronikos atliekos b\u016bt\u0173 tinkamai surenkamos, perdirbamos ir utilizuojamos, taip prisidedant prie aplinkos apsaugos ir tvarios ekonomikos vystymosi.<\/p>\n\n\n\n<p><strong>Pagrindin\u0117s EPA veiklos kryptys:<\/strong><\/p>\n\n\n\n<ul class=\"wp-block-list\">\n<li><strong>Atliek\u0173 surinkimas<\/strong> \u2013 organizacija r\u016bpinasi, kad nebetinkamos naudoti baterijos, akumuliatoriai, elektros ir elektronikos \u012franga b\u016bt\u0173 surinkti ir perduoti sertifikuotiems perdirb\u0117jams.<\/li>\n<\/ul>\n\n\n\n<ul class=\"wp-block-list\">\n<li><strong>\u0160vietimas ir visuomen\u0117s informavimas<\/strong> \u2013 EPA vykdo \u012fvairias informacines kampanijas, siekdama skatinti gyventojus tinkamai atsikratyti elektronikos atliekomis ir ugdyti atsaking\u0105 po\u017ei\u016br\u012f \u012f aplinkosaug\u0105.<\/li>\n<\/ul>\n\n\n\n<ul class=\"wp-block-list\">\n<li><strong>Bendradarbiavimas su gamintojais ir importuotojais<\/strong> \u2013 asociacija vienija kelis \u0161imtus \u012fmoni\u0173, tarp j\u0173 ir pasaulinius elektronikos rinkos lyderius, u\u017etikrindama, kad j\u0173 gaminiai tur\u0117t\u0173 tinkam\u0105 atliek\u0173 tvarkymo sistem\u0105.<\/li>\n<\/ul>\n\n\n\n<ul class=\"wp-block-list\">\n<li><strong>Teisini\u0173 reikalavim\u0173 laikymasis<\/strong> \u2013 EPA padeda savo nariams atitikti Europos S\u0105jungos ir Lietuvos teis\u0117s akt\u0173 reikalavimus, susijusius su atliek\u0173 tvarkymu.<\/li>\n<\/ul>\n\n\n\n<p>D\u0117l \u0161i\u0173 veikl\u0173 EPA prisideda prie \u017eiedin\u0117s ekonomikos princip\u0173 \u012fgyvendinimo, ma\u017eindama elektronikos atliek\u0173 poveik\u012f aplinkai ir skatindama j\u0173 perdirbim\u0105 bei pakartotin\u012f naudojim\u0105.<\/p>\n\n\n\n<p><\/p>\n","protected":false},"excerpt":{"rendered":"<p>Elektronikos platintoj\u0173 asociacija (EPA) yra did\u017eiausia ir viena svarbiausi\u0173 organizacij\u0173 Lietuvoje, u\u017esiiman\u010di\u0173 baterij\u0173, akumuliatori\u0173, elektros ir elektronikos \u012frangos atliek\u0173 tvarkymo organizavimu. Ji u\u017etikrina, kad elektronikos atliekos b\u016bt\u0173 tinkamai surenkamos, perdirbamos ir utilizuojamos, taip prisidedant prie aplinkos apsaugos ir tvarios ekonomikos vystymosi. Pagrindin\u0117s EPA veiklos kryptys: D\u0117l \u0161i\u0173 veikl\u0173 EPA prisideda prie \u017eiedin\u0117s ekonomikos princip\u0173 \u012fgyvendinimo, [&hellip;]<\/p>\n","protected":false},"author":2,"featured_media":0,"parent":0,"menu_order":0,"comment_status":"closed","ping_status":"closed","template":"","meta":{"_acf_changed":false,"sfsi_plus_gutenberg_text_before_share":"","sfsi_plus_gutenberg_show_text_before_share":"","sfsi_plus_gutenberg_icon_type":"","sfsi_plus_gutenberg_icon_alignemt":"","sfsi_plus_gutenburg_max_per_row":"","footnotes":""},"class_list":["post-2514","page","type-page","status-publish","hentry"],"translation":{"provider":"WPGlobus","version":"3.0.0","language":"en","enabled_languages":["lt","en"],"languages":{"lt":{"title":true,"content":true,"excerpt":false},"en":{"title":false,"content":false,"excerpt":false}}},"acf":[],"yoast_head":"<!-- This site is optimized with the Yoast SEO Premium plugin v25.6 (Yoast SEO v25.6) - https:\/\/yoast.com\/wordpress\/plugins\/seo\/ -->\n<title>EPA - EPA (Distributors of electronics association)<\/title>\n<meta name=\"robots\" content=\"index, follow, max-snippet:-1, max-image-preview:large, max-video-preview:-1\" \/>\n<link rel=\"canonical\" href=\"https:\/\/www.epa.lt\/epa-kas-tai\/\" \/>\n<meta property=\"og:locale\" content=\"en_US\" \/>\n<meta property=\"og:type\" content=\"article\" \/>\n<meta property=\"og:title\" content=\"EPA - EPA (Distributors of electronics association)\" \/>\n<meta property=\"og:url\" content=\"https:\/\/www.epa.lt\/epa-kas-tai\/\" \/>\n<meta property=\"og:site_name\" content=\"EPA (Distributors of electronics association)\" \/>\n<meta property=\"article:publisher\" content=\"https:\/\/www.facebook.com\/asociacija.epa\" \/>\n<meta property=\"article:modified_time\" content=\"2025-02-11T19:51:20+00:00\" \/>\n<meta name=\"twitter:card\" content=\"summary_large_image\" \/>\n<meta name=\"twitter:label1\" content=\"Est. reading time\" \/>\n\t<meta name=\"twitter:data1\" content=\"1 minute\" \/>\n<script type=\"application\/ld+json\" class=\"yoast-schema-graph\">{\"@context\":\"https:\/\/schema.org\",\"@graph\":[{\"@type\":\"WebPage\",\"@id\":\"https:\/\/www.epa.lt\/epa-kas-tai\/\",\"url\":\"https:\/\/www.epa.lt\/epa-kas-tai\/\",\"name\":\"EPA - EPA (Distributors of electronics association)\",\"isPartOf\":{\"@id\":\"http:\/\/10.1.0.188:8080\/#website\"},\"datePublished\":\"2025-02-11T19:39:30+00:00\",\"dateModified\":\"2025-02-11T19:51:20+00:00\",\"description\":\"Lietuvoje veikianti EPA \u2013 organizacija, u\u017esiimanti baterij\u0173, akumuliatori\u0173, elektros ir elektronikos \u012frangos atliek\u0173 tvarkymu. Su\u017einokite apie j\u0173 svarb\u0105 aplinkos apsaugai ir tvariai ekonomikai.\",\"breadcrumb\":{\"@id\":\"https:\/\/www.epa.lt\/epa-kas-tai\/#breadcrumb\"},\"inLanguage\":\"en-US\",\"potentialAction\":[{\"@type\":\"ReadAction\",\"target\":[\"https:\/\/www.epa.lt\/epa-kas-tai\/\"]}]},{\"@type\":\"BreadcrumbList\",\"@id\":\"https:\/\/www.epa.lt\/epa-kas-tai\/#breadcrumb\",\"itemListElement\":[{\"@type\":\"ListItem\",\"position\":1,\"name\":\"Home\",\"item\":\"http:\/\/10.1.0.188:8080\/\"},{\"@type\":\"ListItem\",\"position\":2,\"name\":\"EPA\"}]},{\"@type\":\"WebSite\",\"@id\":\"http:\/\/10.1.0.188:8080\/#website\",\"url\":\"http:\/\/10.1.0.188:8080\/\",\"name\":\"{:lt}EPA (Elektronikos platintoj\u0173 asociacija){:}{:en}EPA (Distributors of electronics association) {:}\",\"description\":\"Electronic waste management\",\"publisher\":{\"@id\":\"http:\/\/10.1.0.188:8080\/#organization\"},\"potentialAction\":[{\"@type\":\"SearchAction\",\"target\":{\"@type\":\"EntryPoint\",\"urlTemplate\":\"http:\/\/10.1.0.188:8080\/?s={search_term_string}\"},\"query-input\":{\"@type\":\"PropertyValueSpecification\",\"valueRequired\":true,\"valueName\":\"search_term_string\"}}],\"inLanguage\":\"en-US\"},{\"@type\":\"Organization\",\"@id\":\"http:\/\/10.1.0.188:8080\/#organization\",\"name\":\"{:lt}EPA (Elektronikos platintoj\u0173 asociacija){:}{:en}EPA (Distributors of electronics association) {:}\",\"url\":\"http:\/\/10.1.0.188:8080\/\",\"logo\":{\"@type\":\"ImageObject\",\"inLanguage\":\"en-US\",\"@id\":\"http:\/\/10.1.0.188:8080\/#\/schema\/logo\/image\/\",\"url\":\"https:\/\/www.epa.lt\/wp-content\/uploads\/2018\/04\/EPA_logo_RGB_t_vidus.png\",\"contentUrl\":\"https:\/\/www.epa.lt\/wp-content\/uploads\/2018\/04\/EPA_logo_RGB_t_vidus.png\",\"width\":945,\"height\":945,\"caption\":\"{:lt}EPA (Elektronikos platintoj\u0173 asociacija){:}{:en}EPA (Distributors of electronics association) {:}\"},\"image\":{\"@id\":\"http:\/\/10.1.0.188:8080\/#\/schema\/logo\/image\/\"},\"sameAs\":[\"https:\/\/www.facebook.com\/asociacija.epa\"]}]}<\/script>\n<!-- \/ Yoast SEO Premium plugin. -->","yoast_head_json":{"title":"EPA - EPA (Distributors of electronics association)","robots":{"index":"index","follow":"follow","max-snippet":"max-snippet:-1","max-image-preview":"max-image-preview:large","max-video-preview":"max-video-preview:-1"},"canonical":"https:\/\/www.epa.lt\/epa-kas-tai\/","og_locale":"en_US","og_type":"article","og_title":"EPA - EPA (Distributors of electronics association)","og_url":"https:\/\/www.epa.lt\/epa-kas-tai\/","og_site_name":"EPA (Distributors of electronics association)","article_publisher":"https:\/\/www.facebook.com\/asociacija.epa","article_modified_time":"2025-02-11T19:51:20+00:00","twitter_card":"summary_large_image","twitter_misc":{"Est. reading time":"1 minute"},"schema":{"@context":"https:\/\/schema.org","@graph":[{"@type":"WebPage","@id":"https:\/\/www.epa.lt\/epa-kas-tai\/","url":"https:\/\/www.epa.lt\/epa-kas-tai\/","name":"EPA - EPA (Distributors of electronics association)","isPartOf":{"@id":"http:\/\/10.1.0.188:8080\/#website"},"datePublished":"2025-02-11T19:39:30+00:00","dateModified":"2025-02-11T19:51:20+00:00","description":"Lietuvoje veikianti EPA \u2013 organizacija, u\u017esiimanti baterij\u0173, akumuliatori\u0173, elektros ir elektronikos \u012frangos atliek\u0173 tvarkymu. Su\u017einokite apie j\u0173 svarb\u0105 aplinkos apsaugai ir tvariai ekonomikai.","breadcrumb":{"@id":"https:\/\/www.epa.lt\/epa-kas-tai\/#breadcrumb"},"inLanguage":"en-US","potentialAction":[{"@type":"ReadAction","target":["https:\/\/www.epa.lt\/epa-kas-tai\/"]}]},{"@type":"BreadcrumbList","@id":"https:\/\/www.epa.lt\/epa-kas-tai\/#breadcrumb","itemListElement":[{"@type":"ListItem","position":1,"name":"Home","item":"http:\/\/10.1.0.188:8080\/"},{"@type":"ListItem","position":2,"name":"EPA"}]},{"@type":"WebSite","@id":"http:\/\/10.1.0.188:8080\/#website","url":"http:\/\/10.1.0.188:8080\/","name":"{:lt}EPA (Elektronikos platintoj\u0173 asociacija){:}{:en}EPA (Distributors of electronics association) {:}","description":"Electronic waste management","publisher":{"@id":"http:\/\/10.1.0.188:8080\/#organization"},"potentialAction":[{"@type":"SearchAction","target":{"@type":"EntryPoint","urlTemplate":"http:\/\/10.1.0.188:8080\/?s={search_term_string}"},"query-input":{"@type":"PropertyValueSpecification","valueRequired":true,"valueName":"search_term_string"}}],"inLanguage":"en-US"},{"@type":"Organization","@id":"http:\/\/10.1.0.188:8080\/#organization","name":"{:lt}EPA (Elektronikos platintoj\u0173 asociacija){:}{:en}EPA (Distributors of electronics association) {:}","url":"http:\/\/10.1.0.188:8080\/","logo":{"@type":"ImageObject","inLanguage":"en-US","@id":"http:\/\/10.1.0.188:8080\/#\/schema\/logo\/image\/","url":"https:\/\/www.epa.lt\/wp-content\/uploads\/2018\/04\/EPA_logo_RGB_t_vidus.png","contentUrl":"https:\/\/www.epa.lt\/wp-content\/uploads\/2018\/04\/EPA_logo_RGB_t_vidus.png","width":945,"height":945,"caption":"{:lt}EPA (Elektronikos platintoj\u0173 asociacija){:}{:en}EPA (Distributors of electronics association) {:}"},"image":{"@id":"http:\/\/10.1.0.188:8080\/#\/schema\/logo\/image\/"},"sameAs":["https:\/\/www.facebook.com\/asociacija.epa"]}]}},"_links":{"self":[{"href":"https:\/\/epa.lt\/en\/wp-json\/wp\/v2\/pages\/2514","targetHints":{"allow":["GET"]}}],"collection":[{"href":"https:\/\/epa.lt\/en\/wp-json\/wp\/v2\/pages"}],"about":[{"href":"https:\/\/epa.lt\/en\/wp-json\/wp\/v2\/types\/page"}],"author":[{"embeddable":true,"href":"https:\/\/epa.lt\/en\/wp-json\/wp\/v2\/users\/2"}],"replies":[{"embeddable":true,"href":"https:\/\/epa.lt\/en\/wp-json\/wp\/v2\/comments?post=2514"}],"version-history":[{"count":5,"href":"https:\/\/epa.lt\/en\/wp-json\/wp\/v2\/pages\/2514\/revisions"}],"predecessor-version":[{"id":3228,"href":"https:\/\/epa.lt\/en\/wp-json\/wp\/v2\/pages\/2514\/revisions\/3228"}],"wp:attachment":[{"href":"https:\/\/epa.lt\/en\/wp-json\/wp\/v2\/media?parent=2514"}],"curies":[{"name":"wp","href":"https:\/\/api.w.org\/{rel}","templated":true}]}}