{"id":3230,"date":"2025-02-11T23:05:16","date_gmt":"2025-02-11T20:05:16","guid":{"rendered":"https:\/\/epa.lt\/?page_id=3230"},"modified":"2025-02-11T23:05:17","modified_gmt":"2025-02-11T20:05:17","slug":"elektros-prietaisu-laidai","status":"publish","type":"page","link":"https:\/\/epa.lt\/en\/elektros-prietaisu-laidai\/","title":{"rendered":"Kur priduoti elektros prietais\u0173 laidus, kabelius?\u00a0"},"content":{"rendered":"\n<p>Elektros prietais\u0173 laidai tarnauja ilgai, ta\u010diau ir jie n\u0117ra am\u017eini. Laikui b\u0117gant, seni arba nebetinkami laidai kaupiasi namuose, da\u017enai be ai\u0161kios paskirties. Neretai \u017emon\u0117s ne\u017eino, kur tinkamai juos i\u0161mesti. Dar blogiau, jei seni laidai atsiduria bendr\u0173j\u0173 buitini\u0173 atliek\u0173 konteineriuose ar kitose netinkamose vietose. Tai ne tik aplinkosaugin\u0117, bet ir ekonomin\u0117 problema. Tod\u0117l svarbu \u017einoti, kur priduoti elektros prietais\u0173 laidus, kad tai b\u016bt\u0173 saugu ir naudinga.<\/p>\n\n\n\n<p>Lietuvoje elektros prietais\u0173 laid\u0173 atliekoms yra <strong>skirti special\u016bs smulkiosios elektronikos atliek\u0173 konteineriai, kuriuos galima rasti prekybos centruose ir \u012fvairiose \u012fstaigose<\/strong>. Seno elektros prietaiso laido i\u0161mesti \u012f buitini\u0173 atliek\u0173 konteinerius <strong>negalima<\/strong> \u2013 jie turi b\u016bti dedami \u012f tam skirtus elektronikos atliek\u0173 surinkimo punktus.<\/p>\n\n\n\n<p>D\u0117mesio \u2013 vertingos med\u017eiagos<\/p>\n\n\n\n<p>Elektros prietais\u0173 laidai da\u017enai yra pagaminti i\u0161 verting\u0173 med\u017eiag\u0173, toki\u0173 kaip varis ir aliuminis. \u0160ie metalai yra brang\u016bs ir gali b\u016bti perdirbami bei naudojami nauj\u0173 gamini\u0173 gamyboje. Netinkamai i\u0161mesti laidai gali sukelti aplinkos tar\u0161\u0105, nes j\u0173 izoliacin\u0117s dangos suyra labai l\u0117tai ir gali i\u0161skirti kenksmingas med\u017eiagas.<\/p>\n\n\n\n<p>Perdirbimas ir v\u0117l panaudojimas pramon\u0117je<\/p>\n\n\n\n<p>Perdirbimas padeda suma\u017einti atliek\u0173 kiek\u012f ir u\u017etikrina, kad vertingi i\u0161tekliai b\u016bt\u0173 panaudoti pakartotinai, o ne i\u0161mesti veltui. Tinkamai r\u016b\u0161iuojant laidus, galima suma\u017einti j\u0173 poveik\u012f gamtai ir prisid\u0117ti prie tvaraus i\u0161tekli\u0173 naudojimo.<\/p>\n\n\n\n<p>Perdirbimo procese i\u0161 sen\u0173 laid\u0173 gali b\u016bti i\u0161gautas varis, aliuminis, plastikas ir kitos naudingos med\u017eiagos. Tai padeda i\u0161vengti perteklin\u0117s nauj\u0173 i\u0161tekli\u0173 gavybos ir ma\u017eina aplinkos tar\u0161\u0105.<\/p>\n","protected":false},"excerpt":{"rendered":"<p>Elektros prietais\u0173 laidai tarnauja ilgai, ta\u010diau ir jie n\u0117ra am\u017eini. Laikui b\u0117gant, seni arba nebetinkami laidai kaupiasi namuose, da\u017enai be ai\u0161kios paskirties. Neretai \u017emon\u0117s ne\u017eino, kur tinkamai juos i\u0161mesti. Dar blogiau, jei seni laidai atsiduria bendr\u0173j\u0173 buitini\u0173 atliek\u0173 konteineriuose ar kitose netinkamose vietose. Tai ne tik aplinkosaugin\u0117, bet ir ekonomin\u0117 problema. Tod\u0117l svarbu \u017einoti, kur [&hellip;]<\/p>\n","protected":false},"author":2,"featured_media":0,"parent":0,"menu_order":0,"comment_status":"closed","ping_status":"closed","template":"","meta":{"_acf_changed":false,"sfsi_plus_gutenberg_text_before_share":"","sfsi_plus_gutenberg_show_text_before_share":"","sfsi_plus_gutenberg_icon_type":"","sfsi_plus_gutenberg_icon_alignemt":"","sfsi_plus_gutenburg_max_per_row":"","footnotes":""},"class_list":["post-3230","page","type-page","status-publish","hentry"],"translation":{"provider":"WPGlobus","version":"3.0.0","language":"en","enabled_languages":["lt","en"],"languages":{"lt":{"title":true,"content":true,"excerpt":false},"en":{"title":false,"content":false,"excerpt":false}}},"acf":[],"yoast_head":"<!-- This site is optimized with the Yoast SEO Premium plugin v25.6 (Yoast SEO v25.6) - https:\/\/yoast.com\/wordpress\/plugins\/seo\/ -->\n<title>Kur priduoti elektros prietais\u0173 laidus, kabelius?\u00a0 - EPA (Distributors of electronics association)<\/title>\n<meta name=\"robots\" content=\"index, follow, max-snippet:-1, max-image-preview:large, max-video-preview:-1\" \/>\n<link rel=\"canonical\" href=\"https:\/\/epa.lt\/elektros-prietaisu-laidai\/\" \/>\n<meta property=\"og:locale\" content=\"en_US\" \/>\n<meta property=\"og:type\" content=\"article\" \/>\n<meta property=\"og:title\" content=\"Kur priduoti elektros prietais\u0173 laidus, kabelius?\u00a0 - EPA (Distributors of electronics association)\" \/>\n<meta property=\"og:url\" content=\"https:\/\/epa.lt\/elektros-prietaisu-laidai\/\" \/>\n<meta property=\"og:site_name\" content=\"EPA (Distributors of electronics association)\" \/>\n<meta property=\"article:publisher\" content=\"https:\/\/www.facebook.com\/asociacija.epa\" \/>\n<meta property=\"article:modified_time\" content=\"2025-02-11T20:05:17+00:00\" \/>\n<meta name=\"twitter:card\" content=\"summary_large_image\" \/>\n<meta name=\"twitter:label1\" content=\"Est. reading time\" \/>\n\t<meta name=\"twitter:data1\" content=\"2 minutes\" \/>\n<script type=\"application\/ld+json\" class=\"yoast-schema-graph\">{\"@context\":\"https:\/\/schema.org\",\"@graph\":[{\"@type\":\"WebPage\",\"@id\":\"https:\/\/epa.lt\/elektros-prietaisu-laidai\/\",\"url\":\"https:\/\/epa.lt\/elektros-prietaisu-laidai\/\",\"name\":\"Kur priduoti elektros prietais\u0173 laidus, kabelius?\u00a0 - EPA (Distributors of electronics association)\",\"isPartOf\":{\"@id\":\"https:\/\/epa.lt\/#website\"},\"datePublished\":\"2025-02-11T20:05:16+00:00\",\"dateModified\":\"2025-02-11T20:05:17+00:00\",\"description\":\"Naudinga informacija apie elektros prietais\u0173 laid\u0173 tvarkym\u0105: kaip atsikratyti ir kur priduoti nebereikalingus laidus.\",\"breadcrumb\":{\"@id\":\"https:\/\/epa.lt\/elektros-prietaisu-laidai\/#breadcrumb\"},\"inLanguage\":\"en-US\",\"potentialAction\":[{\"@type\":\"ReadAction\",\"target\":[\"https:\/\/epa.lt\/elektros-prietaisu-laidai\/\"]}]},{\"@type\":\"BreadcrumbList\",\"@id\":\"https:\/\/epa.lt\/elektros-prietaisu-laidai\/#breadcrumb\",\"itemListElement\":[{\"@type\":\"ListItem\",\"position\":1,\"name\":\"Home\",\"item\":\"https:\/\/epa.lt\/\"},{\"@type\":\"ListItem\",\"position\":2,\"name\":\"Kur priduoti elektros prietais\u0173 laidus, kabelius?\u00a0\"}]},{\"@type\":\"WebSite\",\"@id\":\"https:\/\/epa.lt\/#website\",\"url\":\"https:\/\/epa.lt\/\",\"name\":\"{:lt}EPA (Elektronikos platintoj\u0173 asociacija){:}{:en}EPA (Distributors of electronics association) {:}\",\"description\":\"Electronic waste management\",\"publisher\":{\"@id\":\"https:\/\/epa.lt\/#organization\"},\"potentialAction\":[{\"@type\":\"SearchAction\",\"target\":{\"@type\":\"EntryPoint\",\"urlTemplate\":\"https:\/\/epa.lt\/?s={search_term_string}\"},\"query-input\":{\"@type\":\"PropertyValueSpecification\",\"valueRequired\":true,\"valueName\":\"search_term_string\"}}],\"inLanguage\":\"en-US\"},{\"@type\":\"Organization\",\"@id\":\"https:\/\/epa.lt\/#organization\",\"name\":\"{:lt}EPA (Elektronikos platintoj\u0173 asociacija){:}{:en}EPA (Distributors of electronics association) {:}\",\"url\":\"https:\/\/epa.lt\/\",\"logo\":{\"@type\":\"ImageObject\",\"inLanguage\":\"en-US\",\"@id\":\"https:\/\/epa.lt\/#\/schema\/logo\/image\/\",\"url\":\"https:\/\/www.epa.lt\/wp-content\/uploads\/2018\/04\/EPA_logo_RGB_t_vidus.png\",\"contentUrl\":\"https:\/\/www.epa.lt\/wp-content\/uploads\/2018\/04\/EPA_logo_RGB_t_vidus.png\",\"width\":945,\"height\":945,\"caption\":\"{:lt}EPA (Elektronikos platintoj\u0173 asociacija){:}{:en}EPA (Distributors of electronics association) {:}\"},\"image\":{\"@id\":\"https:\/\/epa.lt\/#\/schema\/logo\/image\/\"},\"sameAs\":[\"https:\/\/www.facebook.com\/asociacija.epa\"]}]}<\/script>\n<!-- \/ Yoast SEO Premium plugin. -->","yoast_head_json":{"title":"Kur priduoti elektros prietais\u0173 laidus, kabelius?\u00a0 - EPA (Distributors of electronics association)","robots":{"index":"index","follow":"follow","max-snippet":"max-snippet:-1","max-image-preview":"max-image-preview:large","max-video-preview":"max-video-preview:-1"},"canonical":"https:\/\/epa.lt\/elektros-prietaisu-laidai\/","og_locale":"en_US","og_type":"article","og_title":"Kur priduoti elektros prietais\u0173 laidus, kabelius?\u00a0 - EPA (Distributors of electronics association)","og_url":"https:\/\/epa.lt\/elektros-prietaisu-laidai\/","og_site_name":"EPA (Distributors of electronics association)","article_publisher":"https:\/\/www.facebook.com\/asociacija.epa","article_modified_time":"2025-02-11T20:05:17+00:00","twitter_card":"summary_large_image","twitter_misc":{"Est. reading time":"2 minutes"},"schema":{"@context":"https:\/\/schema.org","@graph":[{"@type":"WebPage","@id":"https:\/\/epa.lt\/elektros-prietaisu-laidai\/","url":"https:\/\/epa.lt\/elektros-prietaisu-laidai\/","name":"Kur priduoti elektros prietais\u0173 laidus, kabelius?\u00a0 - EPA (Distributors of electronics association)","isPartOf":{"@id":"https:\/\/epa.lt\/#website"},"datePublished":"2025-02-11T20:05:16+00:00","dateModified":"2025-02-11T20:05:17+00:00","description":"Naudinga informacija apie elektros prietais\u0173 laid\u0173 tvarkym\u0105: kaip atsikratyti ir kur priduoti nebereikalingus laidus.","breadcrumb":{"@id":"https:\/\/epa.lt\/elektros-prietaisu-laidai\/#breadcrumb"},"inLanguage":"en-US","potentialAction":[{"@type":"ReadAction","target":["https:\/\/epa.lt\/elektros-prietaisu-laidai\/"]}]},{"@type":"BreadcrumbList","@id":"https:\/\/epa.lt\/elektros-prietaisu-laidai\/#breadcrumb","itemListElement":[{"@type":"ListItem","position":1,"name":"Home","item":"https:\/\/epa.lt\/"},{"@type":"ListItem","position":2,"name":"Kur priduoti elektros prietais\u0173 laidus, kabelius?\u00a0"}]},{"@type":"WebSite","@id":"https:\/\/epa.lt\/#website","url":"https:\/\/epa.lt\/","name":"{:lt}EPA (Elektronikos platintoj\u0173 asociacija){:}{:en}EPA (Distributors of electronics association) {:}","description":"Electronic waste management","publisher":{"@id":"https:\/\/epa.lt\/#organization"},"potentialAction":[{"@type":"SearchAction","target":{"@type":"EntryPoint","urlTemplate":"https:\/\/epa.lt\/?s={search_term_string}"},"query-input":{"@type":"PropertyValueSpecification","valueRequired":true,"valueName":"search_term_string"}}],"inLanguage":"en-US"},{"@type":"Organization","@id":"https:\/\/epa.lt\/#organization","name":"{:lt}EPA (Elektronikos platintoj\u0173 asociacija){:}{:en}EPA (Distributors of electronics association) {:}","url":"https:\/\/epa.lt\/","logo":{"@type":"ImageObject","inLanguage":"en-US","@id":"https:\/\/epa.lt\/#\/schema\/logo\/image\/","url":"https:\/\/www.epa.lt\/wp-content\/uploads\/2018\/04\/EPA_logo_RGB_t_vidus.png","contentUrl":"https:\/\/www.epa.lt\/wp-content\/uploads\/2018\/04\/EPA_logo_RGB_t_vidus.png","width":945,"height":945,"caption":"{:lt}EPA (Elektronikos platintoj\u0173 asociacija){:}{:en}EPA (Distributors of electronics association) {:}"},"image":{"@id":"https:\/\/epa.lt\/#\/schema\/logo\/image\/"},"sameAs":["https:\/\/www.facebook.com\/asociacija.epa"]}]}},"_links":{"self":[{"href":"https:\/\/epa.lt\/en\/wp-json\/wp\/v2\/pages\/3230","targetHints":{"allow":["GET"]}}],"collection":[{"href":"https:\/\/epa.lt\/en\/wp-json\/wp\/v2\/pages"}],"about":[{"href":"https:\/\/epa.lt\/en\/wp-json\/wp\/v2\/types\/page"}],"author":[{"embeddable":true,"href":"https:\/\/epa.lt\/en\/wp-json\/wp\/v2\/users\/2"}],"replies":[{"embeddable":true,"href":"https:\/\/epa.lt\/en\/wp-json\/wp\/v2\/comments?post=3230"}],"version-history":[{"count":1,"href":"https:\/\/epa.lt\/en\/wp-json\/wp\/v2\/pages\/3230\/revisions"}],"predecessor-version":[{"id":3231,"href":"https:\/\/epa.lt\/en\/wp-json\/wp\/v2\/pages\/3230\/revisions\/3231"}],"wp:attachment":[{"href":"https:\/\/epa.lt\/en\/wp-json\/wp\/v2\/media?parent=3230"}],"curies":[{"name":"wp","href":"https:\/\/api.w.org\/{rel}","templated":true}]}}