{"id":35,"date":"2018-04-19T10:25:28","date_gmt":"2018-04-19T07:25:28","guid":{"rendered":"https:\/\/www.epa.lt\/?page_id=35"},"modified":"2025-10-11T23:59:03","modified_gmt":"2025-10-11T20:59:03","slug":"akcijos-ir-projektai","status":"publish","type":"page","link":"https:\/\/epa.lt\/en\/akcijos-ir-projektai\/","title":{"rendered":"Actions and Projects"},"content":{"rendered":"<h4>Actions and Projects<\/h4>\n<ul>\n<li><a href=\"https:\/\/epa.lt\/epacoin\/\">EPACOIN<\/a><\/li>\n<li><a href=\"http:\/\/epa.lt\/elektronika-skraidina\">Electronics that make you fly<\/a><\/li>\n<li><a href=\"https:\/\/www.epa.lt\/olimpiada\/\">National Environmental Olympiad<\/a><\/li>\n<li><a href=\"https:\/\/www.epa.lt\/keisk-telefona-i-kino-kupona\">Trade your phone for a cinema voucher<\/a><\/li>\n<li><a href=\"https:\/\/www.epa.lt\/gpais\/\">EPA Association Webinar Methodological Material<\/a><\/li>\n<li><a href=\"https:\/\/www.epa.lt\/edukacinis-filmukas-epa-nariams\/\">Educational video for EPA members<\/a><\/li>\n<li><a href=\"https:\/\/www.epa.lt\/akcijos-ir-projektai\/atsakingas-skaitytojas\/\">Responsible Reader. A Contest for Lithuania and Its Libraries.<\/a><\/li>\n<li><a href=\"https:\/\/www.epa.lt\/akcijos-ir-projektai\/atsakingas-moksleivis\/\">I THINK. I SORT. I THRIVE!<\/a>\u00a0Aimed at Lithuanian students in grades 9-11. During the project, the students are encouraged to collect dangerous waste: batteries, mobile phones.<\/li>\n<li><a>LAAIF (Lithuanian Environmental Investment Fund)<\/a>\u00a0Project<\/li>\n<li><a>Action &#8220;I protect the nature and myself&#8221;<\/a><\/li>\n<li><a>Social advertising contest<\/a><\/li>\n<\/ul>\n","protected":false},"excerpt":{"rendered":"<p>Actions and Projects EPACOIN Electronics that make you fly National Environmental Olympiad Trade your phone for a cinema voucher EPA Association Webinar Methodological Material Educational video for EPA members Responsible Reader. A Contest for Lithuania and Its Libraries. I THINK. I SORT. I THRIVE!\u00a0Aimed at Lithuanian students in grades 9-11. During the project, the students [&hellip;]<\/p>\n","protected":false},"author":2,"featured_media":0,"parent":0,"menu_order":0,"comment_status":"closed","ping_status":"closed","template":"","meta":{"_acf_changed":false,"sfsi_plus_gutenberg_text_before_share":"","sfsi_plus_gutenberg_show_text_before_share":"","sfsi_plus_gutenberg_icon_type":"","sfsi_plus_gutenberg_icon_alignemt":"","sfsi_plus_gutenburg_max_per_row":"","footnotes":""},"class_list":["post-35","page","type-page","status-publish","hentry"],"translation":{"provider":"WPGlobus","version":"3.0.0","language":"en","enabled_languages":["lt","en"],"languages":{"lt":{"title":true,"content":true,"excerpt":false},"en":{"title":true,"content":true,"excerpt":false}}},"acf":[],"yoast_head":"<!-- This site is optimized with the Yoast SEO Premium plugin v25.6 (Yoast SEO v25.6) - https:\/\/yoast.com\/wordpress\/plugins\/seo\/ -->\n<title>Actions and Projects - EPA (Distributors of electronics association)<\/title>\n<meta name=\"robots\" content=\"index, follow, max-snippet:-1, max-image-preview:large, max-video-preview:-1\" \/>\n<link rel=\"canonical\" href=\"https:\/\/epa.lt\/akcijos-ir-projektai\/\" \/>\n<meta property=\"og:locale\" content=\"en_US\" \/>\n<meta property=\"og:type\" content=\"article\" \/>\n<meta property=\"og:title\" content=\"Actions and Projects - EPA (Distributors of electronics association)\" \/>\n<meta property=\"og:url\" content=\"https:\/\/epa.lt\/akcijos-ir-projektai\/\" \/>\n<meta property=\"og:site_name\" content=\"EPA (Distributors of electronics association)\" \/>\n<meta property=\"article:publisher\" content=\"https:\/\/www.facebook.com\/asociacija.epa\" \/>\n<meta property=\"article:modified_time\" content=\"2025-10-11T20:59:03+00:00\" \/>\n<meta name=\"twitter:card\" content=\"summary_large_image\" \/>\n<meta name=\"twitter:label1\" content=\"Est. reading time\" \/>\n\t<meta name=\"twitter:data1\" content=\"1 minute\" \/>\n<script type=\"application\/ld+json\" class=\"yoast-schema-graph\">{\"@context\":\"https:\/\/schema.org\",\"@graph\":[{\"@type\":\"WebPage\",\"@id\":\"https:\/\/epa.lt\/akcijos-ir-projektai\/\",\"url\":\"https:\/\/epa.lt\/akcijos-ir-projektai\/\",\"name\":\"Actions and Projects - EPA (Distributors of electronics association)\",\"isPartOf\":{\"@id\":\"https:\/\/epa.lt\/en\/#website\"},\"datePublished\":\"2018-04-19T07:25:28+00:00\",\"dateModified\":\"2025-10-11T20:59:03+00:00\",\"description\":\"Prisid\u0117kite prie EPA vykdom\u0173 projekt\u0173 ir akcij\u0173. R\u016b\u0161iuokime kartu!\",\"breadcrumb\":{\"@id\":\"https:\/\/epa.lt\/akcijos-ir-projektai\/#breadcrumb\"},\"inLanguage\":\"en-US\",\"potentialAction\":[{\"@type\":\"ReadAction\",\"target\":[\"https:\/\/epa.lt\/akcijos-ir-projektai\/\"]}]},{\"@type\":\"BreadcrumbList\",\"@id\":\"https:\/\/epa.lt\/akcijos-ir-projektai\/#breadcrumb\",\"itemListElement\":[{\"@type\":\"ListItem\",\"position\":1,\"name\":\"Home\",\"item\":\"https:\/\/epa.lt\/en\/\"},{\"@type\":\"ListItem\",\"position\":2,\"name\":\"Akcijos ir projektai\"}]},{\"@type\":\"WebSite\",\"@id\":\"https:\/\/epa.lt\/en\/#website\",\"url\":\"https:\/\/epa.lt\/en\/\",\"name\":\"{:lt}EPA (Elektronikos platintoj\u0173 asociacija){:}{:en}EPA (Distributors of electronics association) {:}\",\"description\":\"Electronic waste management\",\"publisher\":{\"@id\":\"https:\/\/epa.lt\/en\/#organization\"},\"potentialAction\":[{\"@type\":\"SearchAction\",\"target\":{\"@type\":\"EntryPoint\",\"urlTemplate\":\"https:\/\/epa.lt\/en\/?s={search_term_string}\"},\"query-input\":{\"@type\":\"PropertyValueSpecification\",\"valueRequired\":true,\"valueName\":\"search_term_string\"}}],\"inLanguage\":\"en-US\"},{\"@type\":\"Organization\",\"@id\":\"https:\/\/epa.lt\/en\/#organization\",\"name\":\"{:lt}EPA (Elektronikos platintoj\u0173 asociacija){:}{:en}EPA (Distributors of electronics association) {:}\",\"url\":\"https:\/\/epa.lt\/en\/\",\"logo\":{\"@type\":\"ImageObject\",\"inLanguage\":\"en-US\",\"@id\":\"https:\/\/epa.lt\/en\/#\/schema\/logo\/image\/\",\"url\":\"https:\/\/www.epa.lt\/wp-content\/uploads\/2018\/04\/EPA_logo_RGB_t_vidus.png\",\"contentUrl\":\"https:\/\/www.epa.lt\/wp-content\/uploads\/2018\/04\/EPA_logo_RGB_t_vidus.png\",\"width\":945,\"height\":945,\"caption\":\"{:lt}EPA (Elektronikos platintoj\u0173 asociacija){:}{:en}EPA (Distributors of electronics association) {:}\"},\"image\":{\"@id\":\"https:\/\/epa.lt\/en\/#\/schema\/logo\/image\/\"},\"sameAs\":[\"https:\/\/www.facebook.com\/asociacija.epa\"]}]}<\/script>\n<!-- \/ Yoast SEO Premium plugin. -->","yoast_head_json":{"title":"Actions and Projects - EPA (Distributors of electronics association)","robots":{"index":"index","follow":"follow","max-snippet":"max-snippet:-1","max-image-preview":"max-image-preview:large","max-video-preview":"max-video-preview:-1"},"canonical":"https:\/\/epa.lt\/akcijos-ir-projektai\/","og_locale":"en_US","og_type":"article","og_title":"Actions and Projects - EPA (Distributors of electronics association)","og_url":"https:\/\/epa.lt\/akcijos-ir-projektai\/","og_site_name":"EPA (Distributors of electronics association)","article_publisher":"https:\/\/www.facebook.com\/asociacija.epa","article_modified_time":"2025-10-11T20:59:03+00:00","twitter_card":"summary_large_image","twitter_misc":{"Est. reading time":"1 minute"},"schema":{"@context":"https:\/\/schema.org","@graph":[{"@type":"WebPage","@id":"https:\/\/epa.lt\/akcijos-ir-projektai\/","url":"https:\/\/epa.lt\/akcijos-ir-projektai\/","name":"Actions and Projects - EPA (Distributors of electronics association)","isPartOf":{"@id":"https:\/\/epa.lt\/en\/#website"},"datePublished":"2018-04-19T07:25:28+00:00","dateModified":"2025-10-11T20:59:03+00:00","description":"Prisid\u0117kite prie EPA vykdom\u0173 projekt\u0173 ir akcij\u0173. R\u016b\u0161iuokime kartu!","breadcrumb":{"@id":"https:\/\/epa.lt\/akcijos-ir-projektai\/#breadcrumb"},"inLanguage":"en-US","potentialAction":[{"@type":"ReadAction","target":["https:\/\/epa.lt\/akcijos-ir-projektai\/"]}]},{"@type":"BreadcrumbList","@id":"https:\/\/epa.lt\/akcijos-ir-projektai\/#breadcrumb","itemListElement":[{"@type":"ListItem","position":1,"name":"Home","item":"https:\/\/epa.lt\/en\/"},{"@type":"ListItem","position":2,"name":"Akcijos ir projektai"}]},{"@type":"WebSite","@id":"https:\/\/epa.lt\/en\/#website","url":"https:\/\/epa.lt\/en\/","name":"{:lt}EPA (Elektronikos platintoj\u0173 asociacija){:}{:en}EPA (Distributors of electronics association) {:}","description":"Electronic waste management","publisher":{"@id":"https:\/\/epa.lt\/en\/#organization"},"potentialAction":[{"@type":"SearchAction","target":{"@type":"EntryPoint","urlTemplate":"https:\/\/epa.lt\/en\/?s={search_term_string}"},"query-input":{"@type":"PropertyValueSpecification","valueRequired":true,"valueName":"search_term_string"}}],"inLanguage":"en-US"},{"@type":"Organization","@id":"https:\/\/epa.lt\/en\/#organization","name":"{:lt}EPA (Elektronikos platintoj\u0173 asociacija){:}{:en}EPA (Distributors of electronics association) {:}","url":"https:\/\/epa.lt\/en\/","logo":{"@type":"ImageObject","inLanguage":"en-US","@id":"https:\/\/epa.lt\/en\/#\/schema\/logo\/image\/","url":"https:\/\/www.epa.lt\/wp-content\/uploads\/2018\/04\/EPA_logo_RGB_t_vidus.png","contentUrl":"https:\/\/www.epa.lt\/wp-content\/uploads\/2018\/04\/EPA_logo_RGB_t_vidus.png","width":945,"height":945,"caption":"{:lt}EPA (Elektronikos platintoj\u0173 asociacija){:}{:en}EPA (Distributors of electronics association) {:}"},"image":{"@id":"https:\/\/epa.lt\/en\/#\/schema\/logo\/image\/"},"sameAs":["https:\/\/www.facebook.com\/asociacija.epa"]}]}},"_links":{"self":[{"href":"https:\/\/epa.lt\/en\/wp-json\/wp\/v2\/pages\/35","targetHints":{"allow":["GET"]}}],"collection":[{"href":"https:\/\/epa.lt\/en\/wp-json\/wp\/v2\/pages"}],"about":[{"href":"https:\/\/epa.lt\/en\/wp-json\/wp\/v2\/types\/page"}],"author":[{"embeddable":true,"href":"https:\/\/epa.lt\/en\/wp-json\/wp\/v2\/users\/2"}],"replies":[{"embeddable":true,"href":"https:\/\/epa.lt\/en\/wp-json\/wp\/v2\/comments?post=35"}],"version-history":[{"count":53,"href":"https:\/\/epa.lt\/en\/wp-json\/wp\/v2\/pages\/35\/revisions"}],"predecessor-version":[{"id":3509,"href":"https:\/\/epa.lt\/en\/wp-json\/wp\/v2\/pages\/35\/revisions\/3509"}],"wp:attachment":[{"href":"https:\/\/epa.lt\/en\/wp-json\/wp\/v2\/media?parent=35"}],"curies":[{"name":"wp","href":"https:\/\/api.w.org\/{rel}","templated":true}]}}