{"id":3620,"date":"2026-02-05T23:02:07","date_gmt":"2026-02-05T20:02:07","guid":{"rendered":"https:\/\/epa.lt\/?page_id=3620"},"modified":"2026-02-05T23:03:59","modified_gmt":"2026-02-05T20:03:59","slug":"projektai","status":"publish","type":"page","link":"https:\/\/epa.lt\/en\/projektai\/","title":{"rendered":"Projektai"},"content":{"rendered":"\n<h4 class=\"wp-block-heading\" id=\"h-\"><\/h4>\n\n\n\n<ul class=\"wp-block-list\">\n<li><a href=\"https:\/\/epa.lt\/epacoin\/\">EPACOIN<\/a><\/li>\n\n\n\n<li><a href=\"http:\/\/epa.lt\/elektronika-skraidina\">ELEKTRONIKA SKRAIDINA<\/a><\/li>\n\n\n\n<li><a href=\"https:\/\/www.epa.lt\/olimpiada\/\">NACIONALIN\u0116 APLINKOSAUGOS OLIMPIADA<\/a><\/li>\n\n\n\n<li><a href=\"https:\/\/www.epa.lt\/keisk-telefona-i-kino-kupona\">KEISK TELEFON\u0104 \u012e KINO KUPON\u0104<\/a><\/li>\n\n\n\n<li><a href=\"https:\/\/www.epa.lt\/gpais\/\">EPA ASOCIACIJOS WEBINARO METODIN\u0116 MED\u017dIAGA<\/a><\/li>\n\n\n\n<li><a href=\"https:\/\/www.epa.lt\/edukacinis-filmukas-epa-nariams\/\">EDUKACINIS FILMUKAS EPA NARIAMS<\/a><\/li>\n\n\n\n<li><a href=\"https:\/\/www.epa.lt\/akcijos-ir-projektai\/atsakingas-skaitytojas\/\">ATSAKINGAS SKAITYTOJAS.&nbsp;KONKURSAS LIETUVAI IR JOS BIBLIOTEKOMS.<\/a><\/li>\n\n\n\n<li>Edukacijos projektas t\u0117vams ir vaikams. Projekto tikslas \u2013 skatinti atsaking\u0105 ir saugi\u0105 elgsen\u0105 su elektroniniais \u017eaislais. Tai kartu su iliustratore Eidvile Viktorija Buo\u017eyte sukurti du skaitmeniniai leidiniai vaikams. Vienas j\u0173 \u2013&nbsp;<a href=\"https:\/\/www.epa.lt\/wp-content\/uploads\/2018\/10\/Kaip-meistrai-pad%C4%97jo-Mikiui.pdf\">\u201eKaip meistrai pad\u0117jo Mikiui\u201d<\/a>&nbsp;\u2013 yra spalvotas ir skirtas skaityti, kitas \u2013 to paties leidinio pagrindu paruo\u0161ta&nbsp;<a href=\"https:\/\/www.epa.lt\/wp-content\/uploads\/2018\/10\/Kaip-meistrai-pad%C4%97jo-Mikiui.pdf\">\u201e<\/a><a href=\"https:\/\/www.epa.lt\/wp-content\/uploads\/2020\/03\/EPAspalvinimui-vertikalus-formatas.pdf\">Kaip meistrai pad\u0117jo Mikiui \u2013 spalvinimui\u201d<\/a>&nbsp;, kuri\u0105 galima i\u0161sispausdinti ir spalvinti, o taip pat naudoti, naudojant turim\u0105 kompiuterin\u0119 pie\u0161imo-spalvinimo program\u0105.<\/li>\n\n\n\n<li><a href=\"https:\/\/www.epa.lt\/senai-elektronikai-nauja-skrydi\/\">SENAI ELEKTRONIKAI-NAUJ\u0104 SKRYD\u012e!<\/a>&nbsp;EPA inicijuotas projektas kartu su menininke Agne Ki\u0161onaite \u2212 Pasaulinei aplinkos apsaugos dienai skirta instaliacija i\u0161 elektronikos atliek\u0173.<\/li>\n\n\n\n<li><a href=\"https:\/\/www.epa.lt\/neieskok-kampo\/\">\u201eNEIE\u0160KOK KAMPO!\u201d<\/a>&nbsp;\u2013 Elektronikos platintoj\u0173 asociacijos (EPA) projektas \u201eNeie\u0161kok kampo!\u201d kartu su \u017einomu menininku Linu Kaziulioniu skatina atkreipti d\u0117mes\u012f \u012f elektronikos atliek\u0173 problematik\u0105.<\/li>\n\n\n\n<li>Pagal Elektronikos platintoj\u0173 asociacijos (EPA) projekt\u0105 sukurtas \u017einomo skulptoriaus Martyno Gaubo darbas&nbsp;<a href=\"https:\/\/www.epa.lt\/pagal-elektronikos-platintoju-asociacijos-epa-projekta-sukurtas-zinomo-skulptoriaus-martyno-gaubo-darbas-apetit-primena-augancia-elektronikos-atlieku-problematika\/\">#apetit<\/a>&nbsp;primena augan\u010di\u0105 elektronikos atliek\u0173 problematik\u0105<\/li>\n<\/ul>\n","protected":false},"excerpt":{"rendered":"","protected":false},"author":2,"featured_media":0,"parent":0,"menu_order":0,"comment_status":"closed","ping_status":"closed","template":"","meta":{"_acf_changed":false,"sfsi_plus_gutenberg_text_before_share":"","sfsi_plus_gutenberg_show_text_before_share":"","sfsi_plus_gutenberg_icon_type":"","sfsi_plus_gutenberg_icon_alignemt":"","sfsi_plus_gutenburg_max_per_row":"","footnotes":""},"class_list":["post-3620","page","type-page","status-publish","hentry"],"translation":{"provider":"WPGlobus","version":"3.0.0","language":"en","enabled_languages":["lt","en"],"languages":{"lt":{"title":true,"content":true,"excerpt":false},"en":{"title":false,"content":false,"excerpt":false}}},"acf":[],"yoast_head":"<!-- This site is optimized with the Yoast SEO Premium plugin v25.6 (Yoast SEO v25.6) - https:\/\/yoast.com\/wordpress\/plugins\/seo\/ -->\n<title>Projektai, kurie kei\u010dia po\u017ei\u016br\u012f \u012f atliekas - EPA (Distributors of electronics association)<\/title>\n<meta name=\"robots\" content=\"index, follow, max-snippet:-1, max-image-preview:large, max-video-preview:-1\" \/>\n<link rel=\"canonical\" href=\"https:\/\/epa.lt\/projektai\/\" \/>\n<meta property=\"og:locale\" content=\"en_US\" \/>\n<meta property=\"og:type\" content=\"article\" \/>\n<meta property=\"og:title\" content=\"Projektai - EPA (Distributors of electronics association)\" \/>\n<meta property=\"og:url\" content=\"https:\/\/epa.lt\/projektai\/\" \/>\n<meta property=\"og:site_name\" content=\"EPA (Distributors of electronics association)\" \/>\n<meta property=\"article:publisher\" content=\"https:\/\/www.facebook.com\/asociacija.epa\" \/>\n<meta property=\"article:modified_time\" content=\"2026-02-05T20:03:59+00:00\" \/>\n<meta name=\"twitter:card\" content=\"summary_large_image\" \/>\n<meta name=\"twitter:label1\" content=\"Est. reading time\" \/>\n\t<meta name=\"twitter:data1\" content=\"1 minute\" \/>\n<script type=\"application\/ld+json\" class=\"yoast-schema-graph\">{\"@context\":\"https:\/\/schema.org\",\"@graph\":[{\"@type\":\"WebPage\",\"@id\":\"https:\/\/epa.lt\/projektai\/\",\"url\":\"https:\/\/epa.lt\/projektai\/\",\"name\":\"Projektai, kurie kei\u010dia po\u017ei\u016br\u012f \u012f atliekas - EPA (Distributors of electronics association)\",\"isPartOf\":{\"@id\":\"https:\/\/www.epa.lt\/en\/#website\"},\"datePublished\":\"2026-02-05T20:02:07+00:00\",\"dateModified\":\"2026-02-05T20:03:59+00:00\",\"description\":\"Dalyvaukite projektuose, kurie moko Lietuvos moksleivius apie pavojingas atliekas ir skatina aplinkosaugos veiklas.\",\"breadcrumb\":{\"@id\":\"https:\/\/epa.lt\/projektai\/#breadcrumb\"},\"inLanguage\":\"en-US\",\"potentialAction\":[{\"@type\":\"ReadAction\",\"target\":[\"https:\/\/epa.lt\/projektai\/\"]}]},{\"@type\":\"BreadcrumbList\",\"@id\":\"https:\/\/epa.lt\/projektai\/#breadcrumb\",\"itemListElement\":[{\"@type\":\"ListItem\",\"position\":1,\"name\":\"Home\",\"item\":\"https:\/\/www.epa.lt\/en\/\"},{\"@type\":\"ListItem\",\"position\":2,\"name\":\"Projektai\"}]},{\"@type\":\"WebSite\",\"@id\":\"https:\/\/www.epa.lt\/en\/#website\",\"url\":\"https:\/\/www.epa.lt\/en\/\",\"name\":\"{:lt}EPA (Elektronikos platintoj\u0173 asociacija){:}{:en}EPA (Distributors of electronics association) {:}\",\"description\":\"Electronic waste management\",\"publisher\":{\"@id\":\"https:\/\/www.epa.lt\/en\/#organization\"},\"potentialAction\":[{\"@type\":\"SearchAction\",\"target\":{\"@type\":\"EntryPoint\",\"urlTemplate\":\"https:\/\/www.epa.lt\/en\/?s={search_term_string}\"},\"query-input\":{\"@type\":\"PropertyValueSpecification\",\"valueRequired\":true,\"valueName\":\"search_term_string\"}}],\"inLanguage\":\"en-US\"},{\"@type\":\"Organization\",\"@id\":\"https:\/\/www.epa.lt\/en\/#organization\",\"name\":\"{:lt}EPA (Elektronikos platintoj\u0173 asociacija){:}{:en}EPA (Distributors of electronics association) {:}\",\"url\":\"https:\/\/www.epa.lt\/en\/\",\"logo\":{\"@type\":\"ImageObject\",\"inLanguage\":\"en-US\",\"@id\":\"https:\/\/www.epa.lt\/en\/#\/schema\/logo\/image\/\",\"url\":\"https:\/\/www.epa.lt\/wp-content\/uploads\/2018\/04\/EPA_logo_RGB_t_vidus.png\",\"contentUrl\":\"https:\/\/www.epa.lt\/wp-content\/uploads\/2018\/04\/EPA_logo_RGB_t_vidus.png\",\"width\":945,\"height\":945,\"caption\":\"{:lt}EPA (Elektronikos platintoj\u0173 asociacija){:}{:en}EPA (Distributors of electronics association) {:}\"},\"image\":{\"@id\":\"https:\/\/www.epa.lt\/en\/#\/schema\/logo\/image\/\"},\"sameAs\":[\"https:\/\/www.facebook.com\/asociacija.epa\"]}]}<\/script>\n<!-- \/ Yoast SEO Premium plugin. -->","yoast_head_json":{"title":"Projektai, kurie kei\u010dia po\u017ei\u016br\u012f \u012f atliekas - EPA (Distributors of electronics association)","robots":{"index":"index","follow":"follow","max-snippet":"max-snippet:-1","max-image-preview":"max-image-preview:large","max-video-preview":"max-video-preview:-1"},"canonical":"https:\/\/epa.lt\/projektai\/","og_locale":"en_US","og_type":"article","og_title":"Projektai - EPA (Distributors of electronics association)","og_url":"https:\/\/epa.lt\/projektai\/","og_site_name":"EPA (Distributors of electronics association)","article_publisher":"https:\/\/www.facebook.com\/asociacija.epa","article_modified_time":"2026-02-05T20:03:59+00:00","twitter_card":"summary_large_image","twitter_misc":{"Est. reading time":"1 minute"},"schema":{"@context":"https:\/\/schema.org","@graph":[{"@type":"WebPage","@id":"https:\/\/epa.lt\/projektai\/","url":"https:\/\/epa.lt\/projektai\/","name":"Projektai, kurie kei\u010dia po\u017ei\u016br\u012f \u012f atliekas - EPA (Distributors of electronics association)","isPartOf":{"@id":"https:\/\/www.epa.lt\/en\/#website"},"datePublished":"2026-02-05T20:02:07+00:00","dateModified":"2026-02-05T20:03:59+00:00","description":"Dalyvaukite projektuose, kurie moko Lietuvos moksleivius apie pavojingas atliekas ir skatina aplinkosaugos veiklas.","breadcrumb":{"@id":"https:\/\/epa.lt\/projektai\/#breadcrumb"},"inLanguage":"en-US","potentialAction":[{"@type":"ReadAction","target":["https:\/\/epa.lt\/projektai\/"]}]},{"@type":"BreadcrumbList","@id":"https:\/\/epa.lt\/projektai\/#breadcrumb","itemListElement":[{"@type":"ListItem","position":1,"name":"Home","item":"https:\/\/www.epa.lt\/en\/"},{"@type":"ListItem","position":2,"name":"Projektai"}]},{"@type":"WebSite","@id":"https:\/\/www.epa.lt\/en\/#website","url":"https:\/\/www.epa.lt\/en\/","name":"{:lt}EPA (Elektronikos platintoj\u0173 asociacija){:}{:en}EPA (Distributors of electronics association) {:}","description":"Electronic waste management","publisher":{"@id":"https:\/\/www.epa.lt\/en\/#organization"},"potentialAction":[{"@type":"SearchAction","target":{"@type":"EntryPoint","urlTemplate":"https:\/\/www.epa.lt\/en\/?s={search_term_string}"},"query-input":{"@type":"PropertyValueSpecification","valueRequired":true,"valueName":"search_term_string"}}],"inLanguage":"en-US"},{"@type":"Organization","@id":"https:\/\/www.epa.lt\/en\/#organization","name":"{:lt}EPA (Elektronikos platintoj\u0173 asociacija){:}{:en}EPA (Distributors of electronics association) {:}","url":"https:\/\/www.epa.lt\/en\/","logo":{"@type":"ImageObject","inLanguage":"en-US","@id":"https:\/\/www.epa.lt\/en\/#\/schema\/logo\/image\/","url":"https:\/\/www.epa.lt\/wp-content\/uploads\/2018\/04\/EPA_logo_RGB_t_vidus.png","contentUrl":"https:\/\/www.epa.lt\/wp-content\/uploads\/2018\/04\/EPA_logo_RGB_t_vidus.png","width":945,"height":945,"caption":"{:lt}EPA (Elektronikos platintoj\u0173 asociacija){:}{:en}EPA (Distributors of electronics association) {:}"},"image":{"@id":"https:\/\/www.epa.lt\/en\/#\/schema\/logo\/image\/"},"sameAs":["https:\/\/www.facebook.com\/asociacija.epa"]}]}},"_links":{"self":[{"href":"https:\/\/epa.lt\/en\/wp-json\/wp\/v2\/pages\/3620","targetHints":{"allow":["GET"]}}],"collection":[{"href":"https:\/\/epa.lt\/en\/wp-json\/wp\/v2\/pages"}],"about":[{"href":"https:\/\/epa.lt\/en\/wp-json\/wp\/v2\/types\/page"}],"author":[{"embeddable":true,"href":"https:\/\/epa.lt\/en\/wp-json\/wp\/v2\/users\/2"}],"replies":[{"embeddable":true,"href":"https:\/\/epa.lt\/en\/wp-json\/wp\/v2\/comments?post=3620"}],"version-history":[{"count":3,"href":"https:\/\/epa.lt\/en\/wp-json\/wp\/v2\/pages\/3620\/revisions"}],"predecessor-version":[{"id":3623,"href":"https:\/\/epa.lt\/en\/wp-json\/wp\/v2\/pages\/3620\/revisions\/3623"}],"wp:attachment":[{"href":"https:\/\/epa.lt\/en\/wp-json\/wp\/v2\/media?parent=3620"}],"curies":[{"name":"wp","href":"https:\/\/api.w.org\/{rel}","templated":true}]}}