{"id":612,"date":"2018-05-14T18:23:06","date_gmt":"2018-05-14T15:23:06","guid":{"rendered":"https:\/\/www.epa.lt\/?page_id=612"},"modified":"2023-06-20T10:13:01","modified_gmt":"2023-06-20T07:13:01","slug":"slapukai","status":"publish","type":"page","link":"https:\/\/epa.lt\/en\/slapukai\/","title":{"rendered":"What are cookies?"},"content":{"rendered":"<h1 class=\"pagrindinio\"><strong>What are cookies?<\/h1>\n<p><\/p>\n<p>Slapukai \u2013 tai nedideli tekstiniai failai, kuriuose saugoma informacija apie nar\u0161ymo internete nuostatas. Slapuk\u0173 technologija yra naudojama beveik visose interneto svetain\u0117se. Interneto nar\u0161ykl\u0117 slapukus \u012fra\u0161o lankytojo kompiuteryje, jam pirm\u0105 kart\u0105 lankantis interneto svetain\u0117je. V\u0117liau dar kart\u0105 apsilankius toje pa\u010dioje interneto svetain\u0117je i\u0161 to paties \u012frenginio, slapukas kartu su jame saugoma informacija yra siun\u010diamas atgal \u012f pirmin\u0119 interneto svetain\u0119 (\u201epirmosios \u0161alies slapukai\u201c) arba \u012f kit\u0105 susijusi\u0105 interneto svetain\u0119 (\u201etre\u010diosios \u0161alies slapukai\u201c). \u0160i informacija padeda nustatyti, ar j\u016bs\u0173 nar\u0161ykl\u0117je atitinkama interneto svetain\u0117 jau buvo per\u017ei\u016br\u0117ta, ir kai kuriais atvejais leid\u017eia pritaikyti \u0161ioje interneto svetain\u0117je lankytojui rodom\u0105 turin\u012f.<\/p>\n<p>Kai kurie slapukai yra itin naudingi tuo, kad jie padeda pagerinti lankytoj\u0173 nar\u0161ymo patirt\u012f, \u0161iems pakartotinai lankantis interneto svetain\u0117je. Tuo atveju, jei naudojat\u0117s tuo pa\u010diu \u012frenginiu ir ta pa\u010dia interneto nar\u0161ykle, slapukai \u012fsimins j\u016bs\u0173 asmenines parinktis, nar\u0161ymo atitinkamoje svetain\u0117je \u012fpro\u010dius ir pagal tai pritaikys jums rodom\u0105 turin\u012f, kuo artimesn\u012f j\u016bs\u0173 poreikiams ir interesams.<\/p>\n<p>J\u016bs\u0173 slapuk\u0173 nuostatos \u0161ioje interneto svetain\u0117je.<br \/>\n\u0160ioje interneto svetain\u0117je naudojami slapukai, kuriems nereikia sutikimo.<br \/>\n\u201eB\u016btinieji slapukai\u201c yra svarb\u016bs slapukai, u\u017etikrinantys tokias funkcijas, be kuri\u0173 neb\u016bt\u0173 \u012fmanoma tinkamai naudotis interneto svetaine. Tokie slapukai yra naudojami \u0161ioje svetain\u0117je, tod\u0117l jie vadinami \u201epirmosios \u0161alies slapukais\u201c. J\u016bs\u0173 kompiuteryje jie saugomi tol, kol nar\u0161ote \u0161ioje interneto svetain\u0117je. Viena b\u016btin\u0173j\u0173 slapuk\u0173 naudojimo paskirtis yra u\u017etikrinti, kad tai, k\u0105 matote ekrane, atitikt\u0173 duomen\u0173 kiek\u012f, kur\u012f b\u016bt\u0173 galima apdoroti naudojantis j\u016bs\u0173 dabartiniu interneto ry\u0161iu. Kita \u0161i\u0173 slapuk\u0173 paskirtis yra palengvinti per\u0117jim\u0105 i\u0161 HTTP \u012f HTTPS puslapius ir u\u017etikrinti saug\u0173 duomen\u0173 perdavim\u0105. Taip pat \u0161ios r\u016b\u0161ies slapukai saugo informacij\u0105 apie j\u016bs\u0173 sprendim\u0105 d\u0117l slapuk\u0173 naudojimo m\u016bs\u0173 interneto svetain\u0117je. J\u016bs\u0173 sutikimas d\u0117l b\u016btin\u0173j\u0173 slapuk\u0173 naudojimo \u2013 neb\u016btinas.<\/p>\n<p>\u0160ioje interneto svetain\u0117je naudojami pirmosios \u0161alies slapukai, kuriems reikia j\u016bs\u0173 sutikimo. Slapukai, kurie teisiniu po\u017ei\u016briu n\u0117ra b\u016btini norint naudotis \u0161ia svetaine, vis d\u0117lto atlieka svarbias funkcijas. Be \u0161i\u0173 slapuk\u0173 negal\u0117site naudotis tam tikromis funkcijomis (pvz., i\u0161 anksto u\u017epildytomis formomis), kurios leid\u017eia patogiai naudotis \u0161ia svetaine. J\u016bs\u0173 pasirinktos nuostatos, tokios kaip kalbos parinktys, nebus i\u0161saugotos, taigi, kaskart lankydamiesi interneto puslapyje, tur\u0117site i\u0161 naujo jas pasirinkti. Be to, nebegal\u0117sime jums pateikti pasi\u016blym\u0173, kurie b\u016bt\u0173 individualiai pritaikyti j\u016bs\u0173 poreikiams.<\/p>\n<p><a href=\"#\">Internet Explorer<\/a><br \/>\n<a href=\"#\">Mozilla Firefox<\/a><br \/>\n<a href=\"#\">Google Chrome<\/a><br \/>\n<a href=\"#\">Opera<\/a><br \/>\n<a href=\"#\">Safari<\/a><\/p>\n<p>Informacija apie slapukus paskutin\u012f kart\u0105 atnaujinta 2018-04-16<\/p>\n<p>B\u016btinieji slapukai<\/p>\n<div class=\"table-responsive\">\n<table class=\"table table-bordered table-terms\">\n<thead>\n<tr>\n<th>Pavadinimas<\/td>\n<th>Teik\u0117jas<\/td>\n<th>Paskirtis<\/td>\n<th>Galiojimo laikas<\/td>\n<\/tr>\n<\/thead>\n<tbody>\n<tr>\n<td><\/td>\n<td><\/td>\n<td><\/td>\n<td><\/td>\n<\/tr>\n<\/tbody>\n<\/table>\n<\/div>\n<p>B\u016btinieji slapukai padeda interneto svetainei tinkamai veikti ir leid\u017eia u\u017etikrinti pagrindines funkcijas, tokias kaip nar\u0161ymas puslapyje ir prieiga prie saugi\u0173 interneto svetain\u0117s dali\u0173. Be \u0161i\u0173 slapuk\u0173 interneto svetain\u0117 tinkamai veikti negali.<\/p>\n<p>\u00a0<\/p>\n<p>\u00a0<\/p>\n<p>Statistikos slapukai<\/p>\n<div class=\"table-responsive\">\n<table class=\"table table-bordered table-terms\">\n<thead>\n<tr>\n<th>Pavadinimas<\/td>\n<th>Teik\u0117jas<\/td>\n<th>Paskirtis<\/td>\n<th>Galiojimo laikas<\/td>\n<\/tr>\n<\/thead>\n<tbody>\n<tr>\n<td><\/td>\n<td><\/td>\n<td><\/td>\n<td><\/td>\n<\/tr>\n<tr class=\"second-row\">\n<td><\/td>\n<td><\/td>\n<td><\/td>\n<td><\/td>\n<\/tr>\n<\/tbody>\n<\/table>\n<\/div>\n<p>Statistikos slapukai anonimi\u0161kai renka ir siun\u010dia informacij\u0105 interneto svetain\u0117s savininkams, taip suteikdami jiems galimyb\u0119 su\u017einoti, kaip lankytojai nar\u0161o svetain\u0117se.<\/p>\n<p>\u00a0<\/p>\n<p>Rinkodaros slapukai<\/p>\n<div class=\"table-responsive\">\n<table class=\"table table-bordered table-terms\">\n<thead>\n<tr>\n<th>Pavadinimas<\/td>\n<th>Teik\u0117jas<\/td>\n<th>Paskirtis<\/td>\n<th>Galiojimo laikas<\/td>\n<\/tr>\n<\/thead>\n<tbody>\n<tr>\n<td><\/td>\n<td><\/td>\n<td><\/td>\n<td><\/td>\n<\/tr>\n<tr class=\"second-row\">\n<td><\/td>\n<td><\/td>\n<td><\/td>\n<td><\/td>\n<\/tr>\n<\/tbody>\n<\/table>\n<\/div>\n<p>Rinkodaros slapukai yra naudojami lankytojams steb\u0117ti, \u0161iems lankantis \u012fvairiose interneto svetain\u0117se. Jie leid\u017eia rodyti tas reklamas, kurios yra aktualios konkre\u010diam lankytojui ir gali j\u012f sudominti \u2013 taip u\u017etikrinama didesn\u0117 nauda reklamos skleid\u0117jams ir tre\u010diosios \u0161alies reklamuotojams.<\/p>\n","protected":false},"excerpt":{"rendered":"<p>What are cookies? Slapukai \u2013 tai nedideli tekstiniai failai, kuriuose saugoma informacija apie nar\u0161ymo internete nuostatas. Slapuk\u0173 technologija yra naudojama beveik visose interneto svetain\u0117se. Interneto nar\u0161ykl\u0117 slapukus \u012fra\u0161o lankytojo kompiuteryje, jam pirm\u0105 kart\u0105 lankantis interneto svetain\u0117je. V\u0117liau dar kart\u0105 apsilankius toje pa\u010dioje interneto svetain\u0117je i\u0161 to paties \u012frenginio, slapukas kartu su jame saugoma informacija yra [&hellip;]<\/p>\n","protected":false},"author":2,"featured_media":0,"parent":0,"menu_order":0,"comment_status":"closed","ping_status":"closed","template":"","meta":{"_acf_changed":false,"sfsi_plus_gutenberg_text_before_share":"","sfsi_plus_gutenberg_show_text_before_share":"","sfsi_plus_gutenberg_icon_type":"","sfsi_plus_gutenberg_icon_alignemt":"","sfsi_plus_gutenburg_max_per_row":"","footnotes":""},"class_list":["post-612","page","type-page","status-publish","hentry"],"translation":{"provider":"WPGlobus","version":"3.0.0","language":"en","enabled_languages":["lt","en"],"languages":{"lt":{"title":true,"content":true,"excerpt":false},"en":{"title":true,"content":true,"excerpt":false}}},"acf":[],"yoast_head":"<!-- This site is optimized with the Yoast SEO Premium plugin v25.6 (Yoast SEO v25.6) - https:\/\/yoast.com\/wordpress\/plugins\/seo\/ -->\n<title>What are cookies? - EPA (Distributors of electronics association)<\/title>\n<meta name=\"robots\" content=\"index, follow, max-snippet:-1, max-image-preview:large, max-video-preview:-1\" \/>\n<link rel=\"canonical\" href=\"https:\/\/epa.lt\/slapukai\/\" \/>\n<meta property=\"og:locale\" content=\"en_US\" \/>\n<meta property=\"og:type\" content=\"article\" \/>\n<meta property=\"og:title\" content=\"What are cookies? - EPA (Distributors of electronics association)\" \/>\n<meta property=\"og:url\" content=\"https:\/\/epa.lt\/slapukai\/\" \/>\n<meta property=\"og:site_name\" content=\"EPA (Distributors of electronics association)\" \/>\n<meta property=\"article:publisher\" content=\"https:\/\/www.facebook.com\/asociacija.epa\" \/>\n<meta property=\"article:modified_time\" content=\"2023-06-20T07:13:01+00:00\" \/>\n<meta name=\"twitter:card\" content=\"summary_large_image\" \/>\n<meta name=\"twitter:label1\" content=\"Est. reading time\" \/>\n\t<meta name=\"twitter:data1\" content=\"6 minutes\" \/>\n<script type=\"application\/ld+json\" class=\"yoast-schema-graph\">{\"@context\":\"https:\/\/schema.org\",\"@graph\":[{\"@type\":\"WebPage\",\"@id\":\"https:\/\/epa.lt\/slapukai\/\",\"url\":\"https:\/\/epa.lt\/slapukai\/\",\"name\":\"What are cookies? - EPA (Distributors of electronics association)\",\"isPartOf\":{\"@id\":\"https:\/\/epa.lt\/#website\"},\"datePublished\":\"2018-05-14T15:23:06+00:00\",\"dateModified\":\"2023-06-20T07:13:01+00:00\",\"breadcrumb\":{\"@id\":\"https:\/\/epa.lt\/slapukai\/#breadcrumb\"},\"inLanguage\":\"en-US\",\"potentialAction\":[{\"@type\":\"ReadAction\",\"target\":[\"https:\/\/epa.lt\/slapukai\/\"]}]},{\"@type\":\"BreadcrumbList\",\"@id\":\"https:\/\/epa.lt\/slapukai\/#breadcrumb\",\"itemListElement\":[{\"@type\":\"ListItem\",\"position\":1,\"name\":\"Home\",\"item\":\"https:\/\/epa.lt\/en\/\"},{\"@type\":\"ListItem\",\"position\":2,\"name\":\"Slapukai\"}]},{\"@type\":\"WebSite\",\"@id\":\"https:\/\/epa.lt\/#website\",\"url\":\"https:\/\/epa.lt\/\",\"name\":\"{:lt}EPA (Elektronikos platintoj\u0173 asociacija){:}{:en}EPA (Distributors of electronics association) {:}\",\"description\":\"Electronic waste management\",\"publisher\":{\"@id\":\"https:\/\/epa.lt\/#organization\"},\"potentialAction\":[{\"@type\":\"SearchAction\",\"target\":{\"@type\":\"EntryPoint\",\"urlTemplate\":\"https:\/\/epa.lt\/?s={search_term_string}\"},\"query-input\":{\"@type\":\"PropertyValueSpecification\",\"valueRequired\":true,\"valueName\":\"search_term_string\"}}],\"inLanguage\":\"en-US\"},{\"@type\":\"Organization\",\"@id\":\"https:\/\/epa.lt\/#organization\",\"name\":\"{:lt}EPA (Elektronikos platintoj\u0173 asociacija){:}{:en}EPA (Distributors of electronics association) {:}\",\"url\":\"https:\/\/epa.lt\/\",\"logo\":{\"@type\":\"ImageObject\",\"inLanguage\":\"en-US\",\"@id\":\"https:\/\/epa.lt\/#\/schema\/logo\/image\/\",\"url\":\"https:\/\/www.epa.lt\/wp-content\/uploads\/2018\/04\/EPA_logo_RGB_t_vidus.png\",\"contentUrl\":\"https:\/\/www.epa.lt\/wp-content\/uploads\/2018\/04\/EPA_logo_RGB_t_vidus.png\",\"width\":945,\"height\":945,\"caption\":\"{:lt}EPA (Elektronikos platintoj\u0173 asociacija){:}{:en}EPA (Distributors of electronics association) {:}\"},\"image\":{\"@id\":\"https:\/\/epa.lt\/#\/schema\/logo\/image\/\"},\"sameAs\":[\"https:\/\/www.facebook.com\/asociacija.epa\"]}]}<\/script>\n<!-- \/ Yoast SEO Premium plugin. -->","yoast_head_json":{"title":"What are cookies? - EPA (Distributors of electronics association)","robots":{"index":"index","follow":"follow","max-snippet":"max-snippet:-1","max-image-preview":"max-image-preview:large","max-video-preview":"max-video-preview:-1"},"canonical":"https:\/\/epa.lt\/slapukai\/","og_locale":"en_US","og_type":"article","og_title":"What are cookies? - EPA (Distributors of electronics association)","og_url":"https:\/\/epa.lt\/slapukai\/","og_site_name":"EPA (Distributors of electronics association)","article_publisher":"https:\/\/www.facebook.com\/asociacija.epa","article_modified_time":"2023-06-20T07:13:01+00:00","twitter_card":"summary_large_image","twitter_misc":{"Est. reading time":"6 minutes"},"schema":{"@context":"https:\/\/schema.org","@graph":[{"@type":"WebPage","@id":"https:\/\/epa.lt\/slapukai\/","url":"https:\/\/epa.lt\/slapukai\/","name":"What are cookies? - EPA (Distributors of electronics association)","isPartOf":{"@id":"https:\/\/epa.lt\/#website"},"datePublished":"2018-05-14T15:23:06+00:00","dateModified":"2023-06-20T07:13:01+00:00","breadcrumb":{"@id":"https:\/\/epa.lt\/slapukai\/#breadcrumb"},"inLanguage":"en-US","potentialAction":[{"@type":"ReadAction","target":["https:\/\/epa.lt\/slapukai\/"]}]},{"@type":"BreadcrumbList","@id":"https:\/\/epa.lt\/slapukai\/#breadcrumb","itemListElement":[{"@type":"ListItem","position":1,"name":"Home","item":"https:\/\/epa.lt\/en\/"},{"@type":"ListItem","position":2,"name":"Slapukai"}]},{"@type":"WebSite","@id":"https:\/\/epa.lt\/#website","url":"https:\/\/epa.lt\/","name":"{:lt}EPA (Elektronikos platintoj\u0173 asociacija){:}{:en}EPA (Distributors of electronics association) {:}","description":"Electronic waste management","publisher":{"@id":"https:\/\/epa.lt\/#organization"},"potentialAction":[{"@type":"SearchAction","target":{"@type":"EntryPoint","urlTemplate":"https:\/\/epa.lt\/?s={search_term_string}"},"query-input":{"@type":"PropertyValueSpecification","valueRequired":true,"valueName":"search_term_string"}}],"inLanguage":"en-US"},{"@type":"Organization","@id":"https:\/\/epa.lt\/#organization","name":"{:lt}EPA (Elektronikos platintoj\u0173 asociacija){:}{:en}EPA (Distributors of electronics association) {:}","url":"https:\/\/epa.lt\/","logo":{"@type":"ImageObject","inLanguage":"en-US","@id":"https:\/\/epa.lt\/#\/schema\/logo\/image\/","url":"https:\/\/www.epa.lt\/wp-content\/uploads\/2018\/04\/EPA_logo_RGB_t_vidus.png","contentUrl":"https:\/\/www.epa.lt\/wp-content\/uploads\/2018\/04\/EPA_logo_RGB_t_vidus.png","width":945,"height":945,"caption":"{:lt}EPA (Elektronikos platintoj\u0173 asociacija){:}{:en}EPA (Distributors of electronics association) {:}"},"image":{"@id":"https:\/\/epa.lt\/#\/schema\/logo\/image\/"},"sameAs":["https:\/\/www.facebook.com\/asociacija.epa"]}]}},"_links":{"self":[{"href":"https:\/\/epa.lt\/en\/wp-json\/wp\/v2\/pages\/612","targetHints":{"allow":["GET"]}}],"collection":[{"href":"https:\/\/epa.lt\/en\/wp-json\/wp\/v2\/pages"}],"about":[{"href":"https:\/\/epa.lt\/en\/wp-json\/wp\/v2\/types\/page"}],"author":[{"embeddable":true,"href":"https:\/\/epa.lt\/en\/wp-json\/wp\/v2\/users\/2"}],"replies":[{"embeddable":true,"href":"https:\/\/epa.lt\/en\/wp-json\/wp\/v2\/comments?post=612"}],"version-history":[{"count":13,"href":"https:\/\/epa.lt\/en\/wp-json\/wp\/v2\/pages\/612\/revisions"}],"predecessor-version":[{"id":2323,"href":"https:\/\/epa.lt\/en\/wp-json\/wp\/v2\/pages\/612\/revisions\/2323"}],"wp:attachment":[{"href":"https:\/\/epa.lt\/en\/wp-json\/wp\/v2\/media?parent=612"}],"curies":[{"name":"wp","href":"https:\/\/api.w.org\/{rel}","templated":true}]}}